{"id":8249,"date":"2021-04-17T19:13:43","date_gmt":"2021-04-17T19:13:43","guid":{"rendered":"https:\/\/farmanuario.com\/?post_type=product&#038;p=8249"},"modified":"2025-01-28T21:08:03","modified_gmt":"2025-01-28T21:08:03","slug":"libro-farmanuario-edicion-2025","status":"publish","type":"product","link":"https:\/\/farmanuario.com\/tendencias\/producto\/libro-farmanuario-edicion-2025\/?lang=py","title":{"rendered":"<b>Farmanuario Edici\u00f3n 2025<\/b><br><i>El Libro de los Medicamentos<\/i><\/br>Gu\u00eda farmacol\u00f3gica y terap\u00e9utica"},"content":{"rendered":"<p>Precios para compra dentro del pa\u00eds de origen. Para compras desde el extranjero se debe agregar el costo de env\u00edo internacional se\u00f1alado.<\/p>\n<p>El libro FARMANUARIO publica informaci\u00f3n t\u00e9cnica Farmacol\u00f3gica y Terap\u00e9utica sobre la totalidad de los medicamentos disponibles en Uruguay.<\/p>\n<p>Farmanuario se publica en forma ininterrumpida en Uruguay desde hace m\u00e1s de 30 a\u00f1os, con una amplia circulaci\u00f3n entre el cuerpo m\u00e9dico, los qu\u00edmicos y otros profesionales de la salud.<\/p>\n<p>La obra de casi 1.000 p\u00e1ginas, contiene toda la informaci\u00f3n necesaria para m\u00e9dicos, farmac\u00e9uticos, ejecutivos de la industria y estudiantes.<\/p>\n<p>Farmanuario est\u00e1 organizado por Cap\u00edtulos y Grupos Terap\u00e9uticos, desarrollando para cada principio activo una ficha t\u00e9cnica farmacol\u00f3gica completa, y junto a ella el detalle de las marcas comerciales y formas farmac\u00e9uticas disponibles en Urugua<\/p>\n","protected":false},"excerpt":{"rendered":"<p>Precios para compra dentro del pa\u00eds de origen. Para compras desde el extranjero se debe agregar el costo de env\u00edo internacional se\u00f1alado. El libro FARMANUARIO publica informaci\u00f3n t\u00e9cnica Farmacol\u00f3gica y Terap\u00e9utica sobre la totalidad de los medicamentos disponibles en Uruguay. Farmanuario se publica en forma ininterrumpida en Uruguay desde hace m\u00e1s de 30 a\u00f1os, con [&hellip;]<\/p>\n","protected":false},"featured_media":56918,"comment_status":"closed","ping_status":"closed","template":"","meta":{"_acf_changed":false,"_monsterinsights_skip_tracking":false,"_monsterinsights_sitenote_active":false,"_monsterinsights_sitenote_note":"","_monsterinsights_sitenote_category":0},"product_brand":[],"product_cat":[3115],"product_tag":[],"class_list":{"0":"post-8249","1":"product","2":"type-product","3":"status-publish","4":"has-post-thumbnail","6":"product_cat-productos","8":"first","9":"instock","10":"shipping-taxable","11":"purchasable","12":"product-type-variable"},"acf":[],"yoast_head":"<!-- This site is optimized with the Yoast SEO plugin v25.1 - https:\/\/yoast.com\/wordpress\/plugins\/seo\/ -->\n<title>Farmanuario Edici\u00f3n 2025El Libro de los MedicamentosGu\u00eda farmacol\u00f3gica y terap\u00e9utica - Farmanuario<\/title>\n<meta name=\"robots\" content=\"index, follow, max-snippet:-1, max-image-preview:large, max-video-preview:-1\" \/>\n<link rel=\"canonical\" href=\"https:\/\/farmanuario.com\/tendencias\/producto\/libro-farmanuario-edicion-2025\/?lang=py\" \/>\n<meta property=\"og:locale\" content=\"es_ES\" \/>\n<meta property=\"og:type\" content=\"article\" \/>\n<meta property=\"og:title\" content=\"Farmanuario Edici\u00f3n 2025El Libro de los MedicamentosGu\u00eda farmacol\u00f3gica y terap\u00e9utica - Farmanuario\" \/>\n<meta property=\"og:description\" content=\"Precios para compra dentro del pa\u00eds de origen. Para compras desde el extranjero se debe agregar el costo de env\u00edo internacional se\u00f1alado. El libro FARMANUARIO publica informaci\u00f3n t\u00e9cnica Farmacol\u00f3gica y Terap\u00e9utica sobre la totalidad de los medicamentos disponibles en Uruguay. Farmanuario se publica en forma ininterrumpida en Uruguay desde hace m\u00e1s de 30 a\u00f1os, con [&hellip;]\" \/>\n<meta property=\"og:url\" content=\"https:\/\/farmanuario.com\/tendencias\/producto\/libro-farmanuario-edicion-2025\/?lang=py\" \/>\n<meta property=\"og:site_name\" content=\"Farmanuario\" \/>\n<meta property=\"article:modified_time\" content=\"2025-01-28T21:08:03+00:00\" \/>\n<meta property=\"og:image\" content=\"https:\/\/farmanuario.com\/tendencias\/wp-content\/uploads\/2021\/04\/farmanuario-py-800x800-2.png\" \/>\n\t<meta property=\"og:image:width\" content=\"800\" \/>\n\t<meta property=\"og:image:height\" content=\"800\" \/>\n\t<meta property=\"og:image:type\" content=\"image\/png\" \/>\n<meta name=\"twitter:card\" content=\"summary_large_image\" \/>\n<meta name=\"twitter:label1\" content=\"Tiempo de lectura\" \/>\n\t<meta name=\"twitter:data1\" content=\"1 minuto\" \/>\n<script type=\"application\/ld+json\" class=\"yoast-schema-graph\">{\"@context\":\"https:\/\/schema.org\",\"@graph\":[{\"@type\":\"WebPage\",\"@id\":\"https:\/\/farmanuario.com\/tendencias\/producto\/libro-farmanuario-edicion-2025\/?lang=py\",\"url\":\"https:\/\/farmanuario.com\/tendencias\/producto\/libro-farmanuario-edicion-2025\/?lang=py\",\"name\":\"Farmanuario Edici\u00f3n 2025 El Libro de los MedicamentosGu\u00eda farmacol\u00f3gica y terap\u00e9utica - Farmanuario\",\"isPartOf\":{\"@id\":\"https:\/\/farmanuario.com\/tendencias\/#website\"},\"primaryImageOfPage\":{\"@id\":\"https:\/\/farmanuario.com\/tendencias\/producto\/libro-farmanuario-edicion-2025\/?lang=py#primaryimage\"},\"image\":{\"@id\":\"https:\/\/farmanuario.com\/tendencias\/producto\/libro-farmanuario-edicion-2025\/?lang=py#primaryimage\"},\"thumbnailUrl\":\"https:\/\/farmanuario.com\/tendencias\/wp-content\/uploads\/2021\/04\/farmanuario-py-800x800-2.png\",\"datePublished\":\"2021-04-17T19:13:43+00:00\",\"dateModified\":\"2025-01-28T21:08:03+00:00\",\"breadcrumb\":{\"@id\":\"https:\/\/farmanuario.com\/tendencias\/producto\/libro-farmanuario-edicion-2025\/?lang=py#breadcrumb\"},\"inLanguage\":\"es\",\"potentialAction\":[{\"@type\":\"ReadAction\",\"target\":[\"https:\/\/farmanuario.com\/tendencias\/producto\/libro-farmanuario-edicion-2025\/?lang=py\"]}]},{\"@type\":\"ImageObject\",\"inLanguage\":\"es\",\"@id\":\"https:\/\/farmanuario.com\/tendencias\/producto\/libro-farmanuario-edicion-2025\/?lang=py#primaryimage\",\"url\":\"https:\/\/farmanuario.com\/tendencias\/wp-content\/uploads\/2021\/04\/farmanuario-py-800x800-2.png\",\"contentUrl\":\"https:\/\/farmanuario.com\/tendencias\/wp-content\/uploads\/2021\/04\/farmanuario-py-800x800-2.png\",\"width\":800,\"height\":800},{\"@type\":\"BreadcrumbList\",\"@id\":\"https:\/\/farmanuario.com\/tendencias\/producto\/libro-farmanuario-edicion-2025\/?lang=py#breadcrumb\",\"itemListElement\":[{\"@type\":\"ListItem\",\"position\":1,\"name\":\"Portada\",\"item\":\"https:\/\/farmanuario.com\/tendencias\/\"},{\"@type\":\"ListItem\",\"position\":2,\"name\":\"Nuestros Productos\",\"item\":\"https:\/\/farmanuario.com\/tendencias\/tienda-de-farmanuario-4\/\"},{\"@type\":\"ListItem\",\"position\":3,\"name\":\"Farmanuario Edici\u00f3n 2025El Libro de los MedicamentosGu\u00eda farmacol\u00f3gica y terap\u00e9utica\"}]},{\"@type\":\"WebSite\",\"@id\":\"https:\/\/farmanuario.com\/tendencias\/#website\",\"url\":\"https:\/\/farmanuario.com\/tendencias\/\",\"name\":\"Farmanuario\",\"description\":\"Informaci\u00f3n sobre Farmacos y Medicamentos\",\"potentialAction\":[{\"@type\":\"SearchAction\",\"target\":{\"@type\":\"EntryPoint\",\"urlTemplate\":\"https:\/\/farmanuario.com\/tendencias\/?s={search_term_string}\"},\"query-input\":{\"@type\":\"PropertyValueSpecification\",\"valueRequired\":true,\"valueName\":\"search_term_string\"}}],\"inLanguage\":\"es\"}]}<\/script>\n<!-- \/ Yoast SEO plugin. -->","yoast_head_json":{"title":"Farmanuario Edici\u00f3n 2025El Libro de los MedicamentosGu\u00eda farmacol\u00f3gica y terap\u00e9utica - Farmanuario","robots":{"index":"index","follow":"follow","max-snippet":"max-snippet:-1","max-image-preview":"max-image-preview:large","max-video-preview":"max-video-preview:-1"},"canonical":"https:\/\/farmanuario.com\/tendencias\/producto\/libro-farmanuario-edicion-2025\/?lang=py","og_locale":"es_ES","og_type":"article","og_title":"Farmanuario Edici\u00f3n 2025El Libro de los MedicamentosGu\u00eda farmacol\u00f3gica y terap\u00e9utica - Farmanuario","og_description":"Precios para compra dentro del pa\u00eds de origen. Para compras desde el extranjero se debe agregar el costo de env\u00edo internacional se\u00f1alado. El libro FARMANUARIO publica informaci\u00f3n t\u00e9cnica Farmacol\u00f3gica y Terap\u00e9utica sobre la totalidad de los medicamentos disponibles en Uruguay. Farmanuario se publica en forma ininterrumpida en Uruguay desde hace m\u00e1s de 30 a\u00f1os, con [&hellip;]","og_url":"https:\/\/farmanuario.com\/tendencias\/producto\/libro-farmanuario-edicion-2025\/?lang=py","og_site_name":"Farmanuario","article_modified_time":"2025-01-28T21:08:03+00:00","og_image":[{"width":800,"height":800,"url":"https:\/\/farmanuario.com\/tendencias\/wp-content\/uploads\/2021\/04\/farmanuario-py-800x800-2.png","type":"image\/png"}],"twitter_card":"summary_large_image","twitter_misc":{"Tiempo de lectura":"1 minuto"},"schema":{"@context":"https:\/\/schema.org","@graph":[{"@type":"WebPage","@id":"https:\/\/farmanuario.com\/tendencias\/producto\/libro-farmanuario-edicion-2025\/?lang=py","url":"https:\/\/farmanuario.com\/tendencias\/producto\/libro-farmanuario-edicion-2025\/?lang=py","name":"Farmanuario Edici\u00f3n 2025 El Libro de los MedicamentosGu\u00eda farmacol\u00f3gica y terap\u00e9utica - Farmanuario","isPartOf":{"@id":"https:\/\/farmanuario.com\/tendencias\/#website"},"primaryImageOfPage":{"@id":"https:\/\/farmanuario.com\/tendencias\/producto\/libro-farmanuario-edicion-2025\/?lang=py#primaryimage"},"image":{"@id":"https:\/\/farmanuario.com\/tendencias\/producto\/libro-farmanuario-edicion-2025\/?lang=py#primaryimage"},"thumbnailUrl":"https:\/\/farmanuario.com\/tendencias\/wp-content\/uploads\/2021\/04\/farmanuario-py-800x800-2.png","datePublished":"2021-04-17T19:13:43+00:00","dateModified":"2025-01-28T21:08:03+00:00","breadcrumb":{"@id":"https:\/\/farmanuario.com\/tendencias\/producto\/libro-farmanuario-edicion-2025\/?lang=py#breadcrumb"},"inLanguage":"es","potentialAction":[{"@type":"ReadAction","target":["https:\/\/farmanuario.com\/tendencias\/producto\/libro-farmanuario-edicion-2025\/?lang=py"]}]},{"@type":"ImageObject","inLanguage":"es","@id":"https:\/\/farmanuario.com\/tendencias\/producto\/libro-farmanuario-edicion-2025\/?lang=py#primaryimage","url":"https:\/\/farmanuario.com\/tendencias\/wp-content\/uploads\/2021\/04\/farmanuario-py-800x800-2.png","contentUrl":"https:\/\/farmanuario.com\/tendencias\/wp-content\/uploads\/2021\/04\/farmanuario-py-800x800-2.png","width":800,"height":800},{"@type":"BreadcrumbList","@id":"https:\/\/farmanuario.com\/tendencias\/producto\/libro-farmanuario-edicion-2025\/?lang=py#breadcrumb","itemListElement":[{"@type":"ListItem","position":1,"name":"Portada","item":"https:\/\/farmanuario.com\/tendencias\/"},{"@type":"ListItem","position":2,"name":"Nuestros Productos","item":"https:\/\/farmanuario.com\/tendencias\/tienda-de-farmanuario-4\/"},{"@type":"ListItem","position":3,"name":"Farmanuario Edici\u00f3n 2025El Libro de los MedicamentosGu\u00eda farmacol\u00f3gica y terap\u00e9utica"}]},{"@type":"WebSite","@id":"https:\/\/farmanuario.com\/tendencias\/#website","url":"https:\/\/farmanuario.com\/tendencias\/","name":"Farmanuario","description":"Informaci\u00f3n sobre Farmacos y Medicamentos","potentialAction":[{"@type":"SearchAction","target":{"@type":"EntryPoint","urlTemplate":"https:\/\/farmanuario.com\/tendencias\/?s={search_term_string}"},"query-input":{"@type":"PropertyValueSpecification","valueRequired":true,"valueName":"search_term_string"}}],"inLanguage":"es"}]}},"_links":{"self":[{"href":"https:\/\/farmanuario.com\/tendencias\/wp-json\/wp\/v2\/product\/8249","targetHints":{"allow":["GET"]}}],"collection":[{"href":"https:\/\/farmanuario.com\/tendencias\/wp-json\/wp\/v2\/product"}],"about":[{"href":"https:\/\/farmanuario.com\/tendencias\/wp-json\/wp\/v2\/types\/product"}],"replies":[{"embeddable":true,"href":"https:\/\/farmanuario.com\/tendencias\/wp-json\/wp\/v2\/comments?post=8249"}],"wp:featuredmedia":[{"embeddable":true,"href":"https:\/\/farmanuario.com\/tendencias\/wp-json\/wp\/v2\/media\/56918"}],"wp:attachment":[{"href":"https:\/\/farmanuario.com\/tendencias\/wp-json\/wp\/v2\/media?parent=8249"}],"wp:term":[{"taxonomy":"product_brand","embeddable":true,"href":"https:\/\/farmanuario.com\/tendencias\/wp-json\/wp\/v2\/product_brand?post=8249"},{"taxonomy":"product_cat","embeddable":true,"href":"https:\/\/farmanuario.com\/tendencias\/wp-json\/wp\/v2\/product_cat?post=8249"},{"taxonomy":"product_tag","embeddable":true,"href":"https:\/\/farmanuario.com\/tendencias\/wp-json\/wp\/v2\/product_tag?post=8249"}],"curies":[{"name":"wp","href":"https:\/\/api.w.org\/{rel}","templated":true}]}}