{"id":46888,"date":"2020-11-20T15:37:35","date_gmt":"2020-11-20T15:37:35","guid":{"rendered":"https:\/\/farmanuario.com\/?post_type=product&#038;p=46888"},"modified":"2024-08-07T21:12:28","modified_gmt":"2024-08-07T21:12:28","slug":"sistema-de-informacion-de-medicamentos-en-paraguay","status":"publish","type":"product","link":"https:\/\/farmanuario.com\/tendencias\/producto\/sistema-de-informacion-de-medicamentos-en-paraguay\/?lang=py","title":{"rendered":"<i>Base de datos <\/br>farmac\u00f3logica y terap\u00e9utica<\/br>aplicaci\u00f3n web de consulta <br>y webservices<\/i>"},"content":{"rendered":"<p>Innovador servicio de que permite a trav\u00e9s de Internet acceder a la base de Farmanuario, con todos los medicamentos del Paraguay y sus similares con su precios actualizados y la fichas t\u00e9cnicas completas de los principios activos.<br \/>\nEl precio expresado es de la licencia anual.<\/p>\n","protected":false},"excerpt":{"rendered":"<p>Innovador servicio de que permite a trav\u00e9s de Internet acceder a la base de Farmanuario, con todos los medicamentos del Paraguay y sus similares con su precios actualizados y la fichas t\u00e9cnicas completas de los principios activos.<br \/>\nEl precio expresado es de la licencia anual.<\/p>\n","protected":false},"featured_media":56705,"comment_status":"closed","ping_status":"closed","template":"","meta":{"_acf_changed":false,"_monsterinsights_skip_tracking":false,"_monsterinsights_sitenote_active":false,"_monsterinsights_sitenote_note":"","_monsterinsights_sitenote_category":0},"product_brand":[],"product_cat":[3115],"product_tag":[],"class_list":{"0":"post-46888","1":"product","2":"type-product","3":"status-publish","4":"has-post-thumbnail","6":"product_cat-productos","8":"first","9":"instock","10":"shipping-taxable","11":"purchasable","12":"product-type-variable"},"acf":[],"yoast_head":"<!-- This site is optimized with the Yoast SEO plugin v25.1 - https:\/\/yoast.com\/wordpress\/plugins\/seo\/ -->\n<title>Base de datos farmac\u00f3logica y terap\u00e9uticaaplicaci\u00f3n web de consulta y webservices - Farmanuario<\/title>\n<meta name=\"robots\" content=\"index, follow, max-snippet:-1, max-image-preview:large, max-video-preview:-1\" \/>\n<link rel=\"canonical\" href=\"https:\/\/farmanuario.com\/tendencias\/producto\/sistema-de-informacion-de-medicamentos-en-paraguay\/?lang=py\" \/>\n<meta property=\"og:locale\" content=\"es_ES\" \/>\n<meta property=\"og:type\" content=\"article\" \/>\n<meta property=\"og:title\" content=\"Base de datos farmac\u00f3logica y terap\u00e9uticaaplicaci\u00f3n web de consulta y webservices - Farmanuario\" \/>\n<meta property=\"og:description\" content=\"Innovador servicio de que permite a trav\u00e9s de Internet acceder a la base de Farmanuario, con todos los medicamentos del Paraguay y sus similares con su precios actualizados y la fichas t\u00e9cnicas completas de los principios activos. El precio expresado es de la licencia anual.\" \/>\n<meta property=\"og:url\" content=\"https:\/\/farmanuario.com\/tendencias\/producto\/sistema-de-informacion-de-medicamentos-en-paraguay\/?lang=py\" \/>\n<meta property=\"og:site_name\" content=\"Farmanuario\" \/>\n<meta property=\"article:modified_time\" content=\"2024-08-07T21:12:28+00:00\" \/>\n<meta property=\"og:image\" content=\"https:\/\/farmanuario.com\/tendencias\/wp-content\/uploads\/2016\/04\/Farmanuario-web.png\" \/>\n\t<meta property=\"og:image:width\" content=\"800\" \/>\n\t<meta property=\"og:image:height\" content=\"800\" \/>\n\t<meta property=\"og:image:type\" content=\"image\/png\" \/>\n<meta name=\"twitter:card\" content=\"summary_large_image\" \/>\n<meta name=\"twitter:label1\" content=\"Tiempo de lectura\" \/>\n\t<meta name=\"twitter:data1\" content=\"1 minuto\" \/>\n<script type=\"application\/ld+json\" class=\"yoast-schema-graph\">{\"@context\":\"https:\/\/schema.org\",\"@graph\":[{\"@type\":\"WebPage\",\"@id\":\"https:\/\/farmanuario.com\/tendencias\/producto\/sistema-de-informacion-de-medicamentos-en-paraguay\/?lang=py\",\"url\":\"https:\/\/farmanuario.com\/tendencias\/producto\/sistema-de-informacion-de-medicamentos-en-paraguay\/?lang=py\",\"name\":\"Base de datos farmac\u00f3logica y terap\u00e9uticaaplicaci\u00f3n web de consulta y webservices - Farmanuario\",\"isPartOf\":{\"@id\":\"https:\/\/farmanuario.com\/tendencias\/#website\"},\"primaryImageOfPage\":{\"@id\":\"https:\/\/farmanuario.com\/tendencias\/producto\/sistema-de-informacion-de-medicamentos-en-paraguay\/?lang=py#primaryimage\"},\"image\":{\"@id\":\"https:\/\/farmanuario.com\/tendencias\/producto\/sistema-de-informacion-de-medicamentos-en-paraguay\/?lang=py#primaryimage\"},\"thumbnailUrl\":\"https:\/\/farmanuario.com\/tendencias\/wp-content\/uploads\/2016\/04\/Farmanuario-web.png\",\"datePublished\":\"2020-11-20T15:37:35+00:00\",\"dateModified\":\"2024-08-07T21:12:28+00:00\",\"breadcrumb\":{\"@id\":\"https:\/\/farmanuario.com\/tendencias\/producto\/sistema-de-informacion-de-medicamentos-en-paraguay\/?lang=py#breadcrumb\"},\"inLanguage\":\"es\",\"potentialAction\":[{\"@type\":\"ReadAction\",\"target\":[\"https:\/\/farmanuario.com\/tendencias\/producto\/sistema-de-informacion-de-medicamentos-en-paraguay\/?lang=py\"]}]},{\"@type\":\"ImageObject\",\"inLanguage\":\"es\",\"@id\":\"https:\/\/farmanuario.com\/tendencias\/producto\/sistema-de-informacion-de-medicamentos-en-paraguay\/?lang=py#primaryimage\",\"url\":\"https:\/\/farmanuario.com\/tendencias\/wp-content\/uploads\/2016\/04\/Farmanuario-web.png\",\"contentUrl\":\"https:\/\/farmanuario.com\/tendencias\/wp-content\/uploads\/2016\/04\/Farmanuario-web.png\",\"width\":800,\"height\":800},{\"@type\":\"BreadcrumbList\",\"@id\":\"https:\/\/farmanuario.com\/tendencias\/producto\/sistema-de-informacion-de-medicamentos-en-paraguay\/?lang=py#breadcrumb\",\"itemListElement\":[{\"@type\":\"ListItem\",\"position\":1,\"name\":\"Portada\",\"item\":\"https:\/\/farmanuario.com\/tendencias\/\"},{\"@type\":\"ListItem\",\"position\":2,\"name\":\"Nuestros Productos\",\"item\":\"https:\/\/farmanuario.com\/tendencias\/tienda-de-farmanuario-4\/\"},{\"@type\":\"ListItem\",\"position\":3,\"name\":\"Base de datos farmac\u00f3logica y terap\u00e9uticaaplicaci\u00f3n web de consulta y webservices\"}]},{\"@type\":\"WebSite\",\"@id\":\"https:\/\/farmanuario.com\/tendencias\/#website\",\"url\":\"https:\/\/farmanuario.com\/tendencias\/\",\"name\":\"Farmanuario\",\"description\":\"Informaci\u00f3n sobre Farmacos y Medicamentos\",\"potentialAction\":[{\"@type\":\"SearchAction\",\"target\":{\"@type\":\"EntryPoint\",\"urlTemplate\":\"https:\/\/farmanuario.com\/tendencias\/?s={search_term_string}\"},\"query-input\":{\"@type\":\"PropertyValueSpecification\",\"valueRequired\":true,\"valueName\":\"search_term_string\"}}],\"inLanguage\":\"es\"}]}<\/script>\n<!-- \/ Yoast SEO plugin. -->","yoast_head_json":{"title":"Base de datos farmac\u00f3logica y terap\u00e9uticaaplicaci\u00f3n web de consulta y webservices - Farmanuario","robots":{"index":"index","follow":"follow","max-snippet":"max-snippet:-1","max-image-preview":"max-image-preview:large","max-video-preview":"max-video-preview:-1"},"canonical":"https:\/\/farmanuario.com\/tendencias\/producto\/sistema-de-informacion-de-medicamentos-en-paraguay\/?lang=py","og_locale":"es_ES","og_type":"article","og_title":"Base de datos farmac\u00f3logica y terap\u00e9uticaaplicaci\u00f3n web de consulta y webservices - Farmanuario","og_description":"Innovador servicio de que permite a trav\u00e9s de Internet acceder a la base de Farmanuario, con todos los medicamentos del Paraguay y sus similares con su precios actualizados y la fichas t\u00e9cnicas completas de los principios activos. El precio expresado es de la licencia anual.","og_url":"https:\/\/farmanuario.com\/tendencias\/producto\/sistema-de-informacion-de-medicamentos-en-paraguay\/?lang=py","og_site_name":"Farmanuario","article_modified_time":"2024-08-07T21:12:28+00:00","og_image":[{"width":800,"height":800,"url":"https:\/\/farmanuario.com\/tendencias\/wp-content\/uploads\/2016\/04\/Farmanuario-web.png","type":"image\/png"}],"twitter_card":"summary_large_image","twitter_misc":{"Tiempo de lectura":"1 minuto"},"schema":{"@context":"https:\/\/schema.org","@graph":[{"@type":"WebPage","@id":"https:\/\/farmanuario.com\/tendencias\/producto\/sistema-de-informacion-de-medicamentos-en-paraguay\/?lang=py","url":"https:\/\/farmanuario.com\/tendencias\/producto\/sistema-de-informacion-de-medicamentos-en-paraguay\/?lang=py","name":"Base de datos farmac\u00f3logica y terap\u00e9uticaaplicaci\u00f3n web de consulta y webservices - Farmanuario","isPartOf":{"@id":"https:\/\/farmanuario.com\/tendencias\/#website"},"primaryImageOfPage":{"@id":"https:\/\/farmanuario.com\/tendencias\/producto\/sistema-de-informacion-de-medicamentos-en-paraguay\/?lang=py#primaryimage"},"image":{"@id":"https:\/\/farmanuario.com\/tendencias\/producto\/sistema-de-informacion-de-medicamentos-en-paraguay\/?lang=py#primaryimage"},"thumbnailUrl":"https:\/\/farmanuario.com\/tendencias\/wp-content\/uploads\/2016\/04\/Farmanuario-web.png","datePublished":"2020-11-20T15:37:35+00:00","dateModified":"2024-08-07T21:12:28+00:00","breadcrumb":{"@id":"https:\/\/farmanuario.com\/tendencias\/producto\/sistema-de-informacion-de-medicamentos-en-paraguay\/?lang=py#breadcrumb"},"inLanguage":"es","potentialAction":[{"@type":"ReadAction","target":["https:\/\/farmanuario.com\/tendencias\/producto\/sistema-de-informacion-de-medicamentos-en-paraguay\/?lang=py"]}]},{"@type":"ImageObject","inLanguage":"es","@id":"https:\/\/farmanuario.com\/tendencias\/producto\/sistema-de-informacion-de-medicamentos-en-paraguay\/?lang=py#primaryimage","url":"https:\/\/farmanuario.com\/tendencias\/wp-content\/uploads\/2016\/04\/Farmanuario-web.png","contentUrl":"https:\/\/farmanuario.com\/tendencias\/wp-content\/uploads\/2016\/04\/Farmanuario-web.png","width":800,"height":800},{"@type":"BreadcrumbList","@id":"https:\/\/farmanuario.com\/tendencias\/producto\/sistema-de-informacion-de-medicamentos-en-paraguay\/?lang=py#breadcrumb","itemListElement":[{"@type":"ListItem","position":1,"name":"Portada","item":"https:\/\/farmanuario.com\/tendencias\/"},{"@type":"ListItem","position":2,"name":"Nuestros Productos","item":"https:\/\/farmanuario.com\/tendencias\/tienda-de-farmanuario-4\/"},{"@type":"ListItem","position":3,"name":"Base de datos farmac\u00f3logica y terap\u00e9uticaaplicaci\u00f3n web de consulta y webservices"}]},{"@type":"WebSite","@id":"https:\/\/farmanuario.com\/tendencias\/#website","url":"https:\/\/farmanuario.com\/tendencias\/","name":"Farmanuario","description":"Informaci\u00f3n sobre Farmacos y Medicamentos","potentialAction":[{"@type":"SearchAction","target":{"@type":"EntryPoint","urlTemplate":"https:\/\/farmanuario.com\/tendencias\/?s={search_term_string}"},"query-input":{"@type":"PropertyValueSpecification","valueRequired":true,"valueName":"search_term_string"}}],"inLanguage":"es"}]}},"_links":{"self":[{"href":"https:\/\/farmanuario.com\/tendencias\/wp-json\/wp\/v2\/product\/46888","targetHints":{"allow":["GET"]}}],"collection":[{"href":"https:\/\/farmanuario.com\/tendencias\/wp-json\/wp\/v2\/product"}],"about":[{"href":"https:\/\/farmanuario.com\/tendencias\/wp-json\/wp\/v2\/types\/product"}],"replies":[{"embeddable":true,"href":"https:\/\/farmanuario.com\/tendencias\/wp-json\/wp\/v2\/comments?post=46888"}],"wp:featuredmedia":[{"embeddable":true,"href":"https:\/\/farmanuario.com\/tendencias\/wp-json\/wp\/v2\/media\/56705"}],"wp:attachment":[{"href":"https:\/\/farmanuario.com\/tendencias\/wp-json\/wp\/v2\/media?parent=46888"}],"wp:term":[{"taxonomy":"product_brand","embeddable":true,"href":"https:\/\/farmanuario.com\/tendencias\/wp-json\/wp\/v2\/product_brand?post=46888"},{"taxonomy":"product_cat","embeddable":true,"href":"https:\/\/farmanuario.com\/tendencias\/wp-json\/wp\/v2\/product_cat?post=46888"},{"taxonomy":"product_tag","embeddable":true,"href":"https:\/\/farmanuario.com\/tendencias\/wp-json\/wp\/v2\/product_tag?post=46888"}],"curies":[{"name":"wp","href":"https:\/\/api.w.org\/{rel}","templated":true}]}}