{"id":2495,"date":"2016-03-30T14:04:59","date_gmt":"2016-03-30T14:04:59","guid":{"rendered":"http:\/\/farmanuario.com\/producto\/farmanuario-vademecum-movil\/?lang=py"},"modified":"2025-12-03T10:50:07","modified_gmt":"2025-12-03T10:50:07","slug":"farmanuario-aplicacion-movil","status":"publish","type":"product","link":"https:\/\/farmanuario.com\/tendencias\/producto\/farmanuario-aplicacion-movil\/?lang=py","title":{"rendered":"Vadem\u00e9cum M\u00f3vil Aplicaci\u00f3n para m\u00f3vil Android"},"content":{"rendered":"<p><iframe loading=\"lazy\" src=\"https:\/\/www.youtube.com\/embed\/tcav9L1_luM\" width=\"560\" height=\"315\" frameborder=\"0\" allowfullscreen=\"allowfullscreen\"><\/iframe><\/p>\n<p>Farmanuario Vadem\u00e9cum M\u00f3vil es una aplicaci\u00f3n para smartphones y tablets, que permite acceder y consultar la Base de Datos de Farmanuario<strong>, <\/strong>habilitando al usuario a realizar b\u00fasquedas por marca, principio activo o laboratorio.<\/p>\n<p>La aplicaci\u00f3n instala las bases de datos en su dispositivo, por lo que no requiere de conexi\u00f3n a Internet para su uso.<\/p>\n<p>Farmanuario M\u00f3vil contiene informaci\u00f3n farmacol\u00f3gica y terap\u00e9utica completa y actualizada sobre todos los medicamentos disponibles en el pa\u00eds, para las aplicaciones de Uruguay y Paraguay incluyen el precio de venta al p\u00fablico.<\/p>\n<p>Para cada principio activo Farmanuario M\u00f3vil describe sus indicaciones, dosis, reacciones adversas e interacciones, junto a las presentaciones comerciales y medicamentos similares disponibles en el pa\u00eds.<\/p>\n<p>El acceso a la informaci\u00f3n y las b\u00fasquedas se realiza por:<\/p>\n<ul>\n<li>Marca o nombre comercial<\/li>\n<li>Principio activo<\/li>\n<li>Laboratorio<\/li>\n<\/ul>\n<p>Farmanuario M\u00f3vil brinda adem\u00e1s un \u00edndice de empresas farmac\u00e9uticas en el que se detallan direcci\u00f3n, tel\u00e9fono, mail y web del laboratorio, as\u00ed como los productos comercializados por cada Laboratorio.<\/p>\n<p>El contenido t\u00e9cnico de la aplicaci\u00f3n es elaborado y actualizado permanentemente a partir de fichas bibliogr\u00e1ficas de referencia internacional, por un Comit\u00e9 Cient\u00edfico multidisciplinario e internacional.<\/p>\n<p>La Licencia de uso anual de Farmanuario M\u00f3vil incluye la actualizaci\u00f3n semanal de altas, bajas, modificaciones y precios.<\/p>\n<p>&nbsp;<\/p>\n<blockquote><p><em>\u00abLa prescripci\u00f3n de medicamentos es un acto profesional reservado a M\u00e9dicos habilitados,\u00a0<\/em><strong>Farmanuario<\/strong> <em>advierte contra el uso indebido de la informaci\u00f3n contenida en esta aplicaci\u00f3n\u00bb.<\/em><\/p><\/blockquote>\n","protected":false},"excerpt":{"rendered":"<p>Aplicaci\u00f3n que instala localmente las Bases de Datos de <strong>Farmanuario<\/strong> en el dispositivo y permite realizar consultas y b\u00fasquedas por marca, principio activo y por laboratorio.\u00a0No requiere de conexi\u00f3n a Internet para funcionar.<\/p>\n","protected":false},"featured_media":54978,"comment_status":"open","ping_status":"closed","template":"","meta":{"_acf_changed":false,"_monsterinsights_skip_tracking":false,"_monsterinsights_sitenote_active":false,"_monsterinsights_sitenote_note":"","_monsterinsights_sitenote_category":0},"product_brand":[],"product_cat":[3652],"product_tag":[832],"class_list":{"0":"post-2495","1":"product","2":"type-product","3":"status-publish","4":"has-post-thumbnail","6":"product_cat-productos-py","7":"product_tag-aplicacion-py","9":"first","10":"instock","11":"featured","12":"shipping-taxable","13":"purchasable","14":"product-type-variable","15":"has-default-attributes"},"acf":[],"yoast_head":"<!-- This site is optimized with the Yoast SEO plugin v25.1 - https:\/\/yoast.com\/wordpress\/plugins\/seo\/ -->\n<title>Vadem\u00e9cum M\u00f3vil Aplicaci\u00f3n para m\u00f3vil Android - Farmanuario<\/title>\n<meta name=\"description\" content=\"Nuestra aplicaci\u00f3n contiene informaci\u00f3n actualizada sobre todos los medicamentos disponibles en el pa\u00eds, con sus precios de venta al p\u00fablico.\" \/>\n<meta name=\"robots\" content=\"index, follow, max-snippet:-1, max-image-preview:large, max-video-preview:-1\" \/>\n<link rel=\"canonical\" href=\"https:\/\/farmanuario.com\/tendencias\/producto\/farmanuario-aplicacion-movil\/\" \/>\n<meta property=\"og:locale\" content=\"es_ES\" \/>\n<meta property=\"og:type\" content=\"article\" \/>\n<meta property=\"og:title\" content=\"Vadem\u00e9cum M\u00f3vil Aplicaci\u00f3n para m\u00f3vil Android - Farmanuario\" \/>\n<meta property=\"og:description\" content=\"Nuestra aplicaci\u00f3n contiene informaci\u00f3n actualizada sobre todos los medicamentos disponibles en el pa\u00eds, con sus precios de venta al p\u00fablico.\" \/>\n<meta property=\"og:url\" content=\"https:\/\/farmanuario.com\/tendencias\/producto\/farmanuario-aplicacion-movil\/\" \/>\n<meta property=\"og:site_name\" content=\"Farmanuario\" \/>\n<meta property=\"article:modified_time\" content=\"2025-12-03T10:50:07+00:00\" \/>\n<meta property=\"og:image\" content=\"https:\/\/farmanuario.com\/tendencias\/wp-content\/uploads\/2016\/04\/Movil-Android.png\" \/>\n\t<meta property=\"og:image:width\" content=\"800\" \/>\n\t<meta property=\"og:image:height\" content=\"800\" \/>\n\t<meta property=\"og:image:type\" content=\"image\/png\" \/>\n<meta name=\"twitter:card\" content=\"summary_large_image\" \/>\n<meta name=\"twitter:label1\" content=\"Tiempo de lectura\" \/>\n\t<meta name=\"twitter:data1\" content=\"1 minuto\" \/>\n<script type=\"application\/ld+json\" class=\"yoast-schema-graph\">{\"@context\":\"https:\/\/schema.org\",\"@graph\":[{\"@type\":\"WebPage\",\"@id\":\"https:\/\/farmanuario.com\/tendencias\/producto\/farmanuario-aplicacion-movil\/\",\"url\":\"https:\/\/farmanuario.com\/tendencias\/producto\/farmanuario-aplicacion-movil\/\",\"name\":\"Vadem\u00e9cum M\u00f3vil Aplicaci\u00f3n para m\u00f3vil Android - Farmanuario\",\"isPartOf\":{\"@id\":\"https:\/\/farmanuario.com\/tendencias\/#website\"},\"primaryImageOfPage\":{\"@id\":\"https:\/\/farmanuario.com\/tendencias\/producto\/farmanuario-aplicacion-movil\/#primaryimage\"},\"image\":{\"@id\":\"https:\/\/farmanuario.com\/tendencias\/producto\/farmanuario-aplicacion-movil\/#primaryimage\"},\"thumbnailUrl\":\"https:\/\/farmanuario.com\/tendencias\/wp-content\/uploads\/2016\/04\/Movil-Android.png\",\"datePublished\":\"2016-03-30T14:04:59+00:00\",\"dateModified\":\"2025-12-03T10:50:07+00:00\",\"description\":\"Nuestra aplicaci\u00f3n contiene informaci\u00f3n actualizada sobre todos los medicamentos disponibles en el pa\u00eds, con sus precios de venta al p\u00fablico.\",\"breadcrumb\":{\"@id\":\"https:\/\/farmanuario.com\/tendencias\/producto\/farmanuario-aplicacion-movil\/#breadcrumb\"},\"inLanguage\":\"es\",\"potentialAction\":[{\"@type\":\"ReadAction\",\"target\":[\"https:\/\/farmanuario.com\/tendencias\/producto\/farmanuario-aplicacion-movil\/\"]}]},{\"@type\":\"ImageObject\",\"inLanguage\":\"es\",\"@id\":\"https:\/\/farmanuario.com\/tendencias\/producto\/farmanuario-aplicacion-movil\/#primaryimage\",\"url\":\"https:\/\/farmanuario.com\/tendencias\/wp-content\/uploads\/2016\/04\/Movil-Android.png\",\"contentUrl\":\"https:\/\/farmanuario.com\/tendencias\/wp-content\/uploads\/2016\/04\/Movil-Android.png\",\"width\":800,\"height\":800},{\"@type\":\"BreadcrumbList\",\"@id\":\"https:\/\/farmanuario.com\/tendencias\/producto\/farmanuario-aplicacion-movil\/#breadcrumb\",\"itemListElement\":[{\"@type\":\"ListItem\",\"position\":1,\"name\":\"Portada\",\"item\":\"https:\/\/farmanuario.com\/tendencias\/\"},{\"@type\":\"ListItem\",\"position\":2,\"name\":\"Nuestros Productos\",\"item\":\"https:\/\/farmanuario.com\/tendencias\/tienda-de-farmanuario-4\/\"},{\"@type\":\"ListItem\",\"position\":3,\"name\":\"Vadem\u00e9cum M\u00f3vil Aplicaci\u00f3n para m\u00f3vil Android\"}]},{\"@type\":\"WebSite\",\"@id\":\"https:\/\/farmanuario.com\/tendencias\/#website\",\"url\":\"https:\/\/farmanuario.com\/tendencias\/\",\"name\":\"Farmanuario\",\"description\":\"Informaci\u00f3n sobre Farmacos y Medicamentos\",\"potentialAction\":[{\"@type\":\"SearchAction\",\"target\":{\"@type\":\"EntryPoint\",\"urlTemplate\":\"https:\/\/farmanuario.com\/tendencias\/?s={search_term_string}\"},\"query-input\":{\"@type\":\"PropertyValueSpecification\",\"valueRequired\":true,\"valueName\":\"search_term_string\"}}],\"inLanguage\":\"es\"}]}<\/script>\n<!-- \/ Yoast SEO plugin. -->","yoast_head_json":{"title":"Vadem\u00e9cum M\u00f3vil Aplicaci\u00f3n para m\u00f3vil Android - Farmanuario","description":"Nuestra aplicaci\u00f3n contiene informaci\u00f3n actualizada sobre todos los medicamentos disponibles en el pa\u00eds, con sus precios de venta al p\u00fablico.","robots":{"index":"index","follow":"follow","max-snippet":"max-snippet:-1","max-image-preview":"max-image-preview:large","max-video-preview":"max-video-preview:-1"},"canonical":"https:\/\/farmanuario.com\/tendencias\/producto\/farmanuario-aplicacion-movil\/","og_locale":"es_ES","og_type":"article","og_title":"Vadem\u00e9cum M\u00f3vil Aplicaci\u00f3n para m\u00f3vil Android - Farmanuario","og_description":"Nuestra aplicaci\u00f3n contiene informaci\u00f3n actualizada sobre todos los medicamentos disponibles en el pa\u00eds, con sus precios de venta al p\u00fablico.","og_url":"https:\/\/farmanuario.com\/tendencias\/producto\/farmanuario-aplicacion-movil\/","og_site_name":"Farmanuario","article_modified_time":"2025-12-03T10:50:07+00:00","og_image":[{"width":800,"height":800,"url":"https:\/\/farmanuario.com\/tendencias\/wp-content\/uploads\/2016\/04\/Movil-Android.png","type":"image\/png"}],"twitter_card":"summary_large_image","twitter_misc":{"Tiempo de lectura":"1 minuto"},"schema":{"@context":"https:\/\/schema.org","@graph":[{"@type":"WebPage","@id":"https:\/\/farmanuario.com\/tendencias\/producto\/farmanuario-aplicacion-movil\/","url":"https:\/\/farmanuario.com\/tendencias\/producto\/farmanuario-aplicacion-movil\/","name":"Vadem\u00e9cum M\u00f3vil Aplicaci\u00f3n para m\u00f3vil Android - Farmanuario","isPartOf":{"@id":"https:\/\/farmanuario.com\/tendencias\/#website"},"primaryImageOfPage":{"@id":"https:\/\/farmanuario.com\/tendencias\/producto\/farmanuario-aplicacion-movil\/#primaryimage"},"image":{"@id":"https:\/\/farmanuario.com\/tendencias\/producto\/farmanuario-aplicacion-movil\/#primaryimage"},"thumbnailUrl":"https:\/\/farmanuario.com\/tendencias\/wp-content\/uploads\/2016\/04\/Movil-Android.png","datePublished":"2016-03-30T14:04:59+00:00","dateModified":"2025-12-03T10:50:07+00:00","description":"Nuestra aplicaci\u00f3n contiene informaci\u00f3n actualizada sobre todos los medicamentos disponibles en el pa\u00eds, con sus precios de venta al p\u00fablico.","breadcrumb":{"@id":"https:\/\/farmanuario.com\/tendencias\/producto\/farmanuario-aplicacion-movil\/#breadcrumb"},"inLanguage":"es","potentialAction":[{"@type":"ReadAction","target":["https:\/\/farmanuario.com\/tendencias\/producto\/farmanuario-aplicacion-movil\/"]}]},{"@type":"ImageObject","inLanguage":"es","@id":"https:\/\/farmanuario.com\/tendencias\/producto\/farmanuario-aplicacion-movil\/#primaryimage","url":"https:\/\/farmanuario.com\/tendencias\/wp-content\/uploads\/2016\/04\/Movil-Android.png","contentUrl":"https:\/\/farmanuario.com\/tendencias\/wp-content\/uploads\/2016\/04\/Movil-Android.png","width":800,"height":800},{"@type":"BreadcrumbList","@id":"https:\/\/farmanuario.com\/tendencias\/producto\/farmanuario-aplicacion-movil\/#breadcrumb","itemListElement":[{"@type":"ListItem","position":1,"name":"Portada","item":"https:\/\/farmanuario.com\/tendencias\/"},{"@type":"ListItem","position":2,"name":"Nuestros Productos","item":"https:\/\/farmanuario.com\/tendencias\/tienda-de-farmanuario-4\/"},{"@type":"ListItem","position":3,"name":"Vadem\u00e9cum M\u00f3vil Aplicaci\u00f3n para m\u00f3vil Android"}]},{"@type":"WebSite","@id":"https:\/\/farmanuario.com\/tendencias\/#website","url":"https:\/\/farmanuario.com\/tendencias\/","name":"Farmanuario","description":"Informaci\u00f3n sobre Farmacos y Medicamentos","potentialAction":[{"@type":"SearchAction","target":{"@type":"EntryPoint","urlTemplate":"https:\/\/farmanuario.com\/tendencias\/?s={search_term_string}"},"query-input":{"@type":"PropertyValueSpecification","valueRequired":true,"valueName":"search_term_string"}}],"inLanguage":"es"}]}},"_links":{"self":[{"href":"https:\/\/farmanuario.com\/tendencias\/wp-json\/wp\/v2\/product\/2495","targetHints":{"allow":["GET"]}}],"collection":[{"href":"https:\/\/farmanuario.com\/tendencias\/wp-json\/wp\/v2\/product"}],"about":[{"href":"https:\/\/farmanuario.com\/tendencias\/wp-json\/wp\/v2\/types\/product"}],"replies":[{"embeddable":true,"href":"https:\/\/farmanuario.com\/tendencias\/wp-json\/wp\/v2\/comments?post=2495"}],"wp:featuredmedia":[{"embeddable":true,"href":"https:\/\/farmanuario.com\/tendencias\/wp-json\/wp\/v2\/media\/54978"}],"wp:attachment":[{"href":"https:\/\/farmanuario.com\/tendencias\/wp-json\/wp\/v2\/media?parent=2495"}],"wp:term":[{"taxonomy":"product_brand","embeddable":true,"href":"https:\/\/farmanuario.com\/tendencias\/wp-json\/wp\/v2\/product_brand?post=2495"},{"taxonomy":"product_cat","embeddable":true,"href":"https:\/\/farmanuario.com\/tendencias\/wp-json\/wp\/v2\/product_cat?post=2495"},{"taxonomy":"product_tag","embeddable":true,"href":"https:\/\/farmanuario.com\/tendencias\/wp-json\/wp\/v2\/product_tag?post=2495"}],"curies":[{"name":"wp","href":"https:\/\/api.w.org\/{rel}","templated":true}]}}