{"id":1986,"date":"2022-03-17T16:08:38","date_gmt":"2022-03-17T16:08:38","guid":{"rendered":"http:\/\/farmanuario.com\/producto\/suscripcion-revista-tendencias\/"},"modified":"2025-11-30T14:14:48","modified_gmt":"2025-11-30T14:14:48","slug":"suscripcion-revista-tendencias","status":"publish","type":"product","link":"https:\/\/farmanuario.com\/tendencias\/producto\/suscripcion-revista-tendencias\/","title":{"rendered":"<b>Tendencias en Medicina<\/b><br><i>Revista de actualizaci\u00f3n <br>m\u00e9dica continua<\/br><\/i>"},"content":{"rendered":"<p>Seleccione la revista y vea el sumario con los art\u00edculos publicados<\/p>\n<p><a href=\"https:\/\/farmanuario.com\/tendencias\/articulo\/?id=23546\" target=\"_blank\" rel=\"noopener\"><img loading=\"lazy\" decoding=\"async\" class=\"alignnone wp-image-56746 size-full\" src=\"https:\/\/farmanuario.com\/wp-content\/uploads\/2022\/03\/Tendencias-Uy-64-perspectiva-1.jpg\" alt=\"N\u00ba 64 - Junio 2024\" width=\"200\" height=\"200\" srcset=\"https:\/\/farmanuario.com\/tendencias\/wp-content\/uploads\/2022\/03\/Tendencias-Uy-64-perspectiva-1.jpg 200w, https:\/\/farmanuario.com\/tendencias\/wp-content\/uploads\/2022\/03\/Tendencias-Uy-64-perspectiva-1-150x150.jpg 150w, https:\/\/farmanuario.com\/tendencias\/wp-content\/uploads\/2022\/03\/Tendencias-Uy-64-perspectiva-1-100x100.jpg 100w\" sizes=\"auto, (max-width: 200px) 100vw, 200px\" \/><\/a> \u00a0<a href=\"https:\/\/farmanuario.com\/tendencias\/articulo\/?id=23472\" target=\"_blank\" rel=\"noopener\"><img loading=\"lazy\" decoding=\"async\" class=\"alignnone wp-image-56743 size-full\" src=\"https:\/\/farmanuario.com\/wp-content\/uploads\/2022\/03\/Tendencias-Uy-63-perspectiva-1.jpg\" alt=\"N\u00ba 63 - Diciembre 2023\" width=\"200\" height=\"200\" srcset=\"https:\/\/farmanuario.com\/tendencias\/wp-content\/uploads\/2022\/03\/Tendencias-Uy-63-perspectiva-1.jpg 200w, https:\/\/farmanuario.com\/tendencias\/wp-content\/uploads\/2022\/03\/Tendencias-Uy-63-perspectiva-1-150x150.jpg 150w, https:\/\/farmanuario.com\/tendencias\/wp-content\/uploads\/2022\/03\/Tendencias-Uy-63-perspectiva-1-100x100.jpg 100w\" sizes=\"auto, (max-width: 200px) 100vw, 200px\" \/><\/a> \u00a0<a href=\"https:\/\/farmanuario.com\/tendencias\/articulo\/?id=23425\" target=\"_blank\" rel=\"noopener\"><img loading=\"lazy\" decoding=\"async\" class=\"alignnone wp-image-56740 size-full\" src=\"https:\/\/farmanuario.com\/wp-content\/uploads\/2022\/03\/Tendencias-Uy-62-perspectiva-1.jpg\" alt=\"N\u00ba 62 - Julio 2023\" width=\"200\" height=\"200\" srcset=\"https:\/\/farmanuario.com\/tendencias\/wp-content\/uploads\/2022\/03\/Tendencias-Uy-62-perspectiva-1.jpg 200w, https:\/\/farmanuario.com\/tendencias\/wp-content\/uploads\/2022\/03\/Tendencias-Uy-62-perspectiva-1-150x150.jpg 150w, https:\/\/farmanuario.com\/tendencias\/wp-content\/uploads\/2022\/03\/Tendencias-Uy-62-perspectiva-1-100x100.jpg 100w\" sizes=\"auto, (max-width: 200px) 100vw, 200px\" \/><\/a> \u00a0<a href=\"https:\/\/farmanuario.com\/tendencias\/articulo\/?id=23420\" target=\"_blank\" rel=\"noopener\"><img loading=\"lazy\" decoding=\"async\" class=\"alignnone wp-image-56737 size-full\" src=\"https:\/\/farmanuario.com\/wp-content\/uploads\/2022\/03\/Tendencias-Uy-61-perspectiva-1.jpg\" alt=\"N\u00ba 61 - Diciembre 2022\" width=\"200\" height=\"200\" srcset=\"https:\/\/farmanuario.com\/tendencias\/wp-content\/uploads\/2022\/03\/Tendencias-Uy-61-perspectiva-1.jpg 200w, https:\/\/farmanuario.com\/tendencias\/wp-content\/uploads\/2022\/03\/Tendencias-Uy-61-perspectiva-1-150x150.jpg 150w, https:\/\/farmanuario.com\/tendencias\/wp-content\/uploads\/2022\/03\/Tendencias-Uy-61-perspectiva-1-100x100.jpg 100w\" sizes=\"auto, (max-width: 200px) 100vw, 200px\" \/><\/a> \u00a0<a href=\"https:\/\/farmanuario.com\/tendencias\/articulo\/?id=23366\" target=\"_blank\" rel=\"noopener\"><img loading=\"lazy\" decoding=\"async\" class=\"alignnone wp-image-56734 size-full\" src=\"https:\/\/farmanuario.com\/wp-content\/uploads\/2022\/03\/Tendencias-Uy-60-perspectiva-1.jpg\" alt=\"N\u00ba 62 - Julio 2022\" width=\"200\" height=\"200\" srcset=\"https:\/\/farmanuario.com\/tendencias\/wp-content\/uploads\/2022\/03\/Tendencias-Uy-60-perspectiva-1.jpg 200w, https:\/\/farmanuario.com\/tendencias\/wp-content\/uploads\/2022\/03\/Tendencias-Uy-60-perspectiva-1-150x150.jpg 150w, https:\/\/farmanuario.com\/tendencias\/wp-content\/uploads\/2022\/03\/Tendencias-Uy-60-perspectiva-1-100x100.jpg 100w\" sizes=\"auto, (max-width: 200px) 100vw, 200px\" \/><\/a><\/p>\n<p><strong><em>Tendencias en Medicina<\/em><\/strong> es una revista independiente cuyo objetivo es brindar a todos los profesionales de la salud informaci\u00f3n confiable y objetiva sobre los temas de actualidad en medicina.<\/p>\n<p>Tendencias en Medicina promueve la excelencia de las competencias cl\u00ednicas del cuerpo m\u00e9dico, a trav\u00e9s de la educaci\u00f3n m\u00e9dica continua.<\/p>\n<p>Los contenidos originales que se publican incluyen <strong><em>Encares Cl\u00ednicos, Puestas al D\u00eda, Innovaciones en Diagn\u00f3stico y Tratamiento, Casos cl\u00ednicos y Opiniones de Expertos.<\/em><\/strong><\/p>\n<p>Los art\u00edculos publicados en Tendencias en Medicina son arbitrados por pares y sometidos a aprobaci\u00f3n por un Comit\u00e9 Editorial Internacional. La publicaci\u00f3n se encuentra indexada en Latindex y en proceso de incorporaci\u00f3n a PubMed.<\/p>\n<p>Tendencias en Medicina se edita en forma ininterrumpida desde hace m\u00e1s de 30 a\u00f1os en Uruguay y Paraguay. En ese tiempo, la revista lleva publicados m\u00e1s de 2.000 art\u00edculos cient\u00edficos originales.<\/p>\n","protected":false},"excerpt":{"rendered":"<p>Seleccione la revista y vea el sumario con los art\u00edculos publicados \u00a0 \u00a0 \u00a0 \u00a0 Tendencias en Medicina es una revista independiente cuyo objetivo es brindar a todos los profesionales de la salud informaci\u00f3n confiable y objetiva sobre los temas de actualidad en medicina. Tendencias en Medicina promueve la excelencia de las competencias cl\u00ednicas del [&hellip;]<\/p>\n","protected":false},"featured_media":56911,"comment_status":"open","ping_status":"closed","template":"","meta":{"_acf_changed":false,"_monsterinsights_skip_tracking":false,"_monsterinsights_sitenote_active":false,"_monsterinsights_sitenote_note":"","_monsterinsights_sitenote_category":0},"product_brand":[],"product_cat":[3116],"product_tag":[],"class_list":{"0":"post-1986","1":"product","2":"type-product","3":"status-publish","4":"has-post-thumbnail","6":"product_cat-productos","8":"first","9":"instock","10":"featured","11":"shipping-taxable","12":"purchasable","13":"product-type-variable"},"acf":[],"yoast_head":"<!-- This site is optimized with the Yoast SEO plugin v25.1 - https:\/\/yoast.com\/wordpress\/plugins\/seo\/ -->\n<title>Tendencias en MedicinaRevista de actualizaci\u00f3n m\u00e9dica continua - Farmanuario<\/title>\n<meta name=\"robots\" content=\"index, follow, max-snippet:-1, max-image-preview:large, max-video-preview:-1\" \/>\n<link rel=\"canonical\" href=\"https:\/\/farmanuario.com\/tendencias\/producto\/suscripcion-revista-tendencias\/\" \/>\n<meta property=\"og:locale\" content=\"es_ES\" \/>\n<meta property=\"og:type\" content=\"article\" \/>\n<meta property=\"og:title\" content=\"Tendencias en MedicinaRevista de actualizaci\u00f3n m\u00e9dica continua - Farmanuario\" \/>\n<meta property=\"og:description\" content=\"Seleccione la revista y vea el sumario con los art\u00edculos publicados \u00a0 \u00a0 \u00a0 \u00a0 Tendencias en Medicina es una revista independiente cuyo objetivo es brindar a todos los profesionales de la salud informaci\u00f3n confiable y objetiva sobre los temas de actualidad en medicina. Tendencias en Medicina promueve la excelencia de las competencias cl\u00ednicas del [&hellip;]\" \/>\n<meta property=\"og:url\" content=\"https:\/\/farmanuario.com\/tendencias\/producto\/suscripcion-revista-tendencias\/\" \/>\n<meta property=\"og:site_name\" content=\"Farmanuario\" \/>\n<meta property=\"article:modified_time\" content=\"2025-11-30T14:14:48+00:00\" \/>\n<meta property=\"og:image\" content=\"https:\/\/farmanuario.com\/tendencias\/wp-content\/uploads\/2022\/03\/tendencia-uy-3-800x800-5.png\" \/>\n\t<meta property=\"og:image:width\" content=\"800\" \/>\n\t<meta property=\"og:image:height\" content=\"800\" \/>\n\t<meta property=\"og:image:type\" content=\"image\/png\" \/>\n<meta name=\"twitter:card\" content=\"summary_large_image\" \/>\n<meta name=\"twitter:label1\" content=\"Tiempo de lectura\" \/>\n\t<meta name=\"twitter:data1\" content=\"2 minutos\" \/>\n<script type=\"application\/ld+json\" class=\"yoast-schema-graph\">{\"@context\":\"https:\/\/schema.org\",\"@graph\":[{\"@type\":\"WebPage\",\"@id\":\"https:\/\/farmanuario.com\/tendencias\/producto\/suscripcion-revista-tendencias\/\",\"url\":\"https:\/\/farmanuario.com\/tendencias\/producto\/suscripcion-revista-tendencias\/\",\"name\":\"Tendencias en Medicina Revista de actualizaci\u00f3n m\u00e9dica continua - Farmanuario\",\"isPartOf\":{\"@id\":\"https:\/\/farmanuario.com\/tendencias\/#website\"},\"primaryImageOfPage\":{\"@id\":\"https:\/\/farmanuario.com\/tendencias\/producto\/suscripcion-revista-tendencias\/#primaryimage\"},\"image\":{\"@id\":\"https:\/\/farmanuario.com\/tendencias\/producto\/suscripcion-revista-tendencias\/#primaryimage\"},\"thumbnailUrl\":\"https:\/\/farmanuario.com\/tendencias\/wp-content\/uploads\/2022\/03\/tendencia-uy-3-800x800-5.png\",\"datePublished\":\"2022-03-17T16:08:38+00:00\",\"dateModified\":\"2025-11-30T14:14:48+00:00\",\"breadcrumb\":{\"@id\":\"https:\/\/farmanuario.com\/tendencias\/producto\/suscripcion-revista-tendencias\/#breadcrumb\"},\"inLanguage\":\"es\",\"potentialAction\":[{\"@type\":\"ReadAction\",\"target\":[\"https:\/\/farmanuario.com\/tendencias\/producto\/suscripcion-revista-tendencias\/\"]}]},{\"@type\":\"ImageObject\",\"inLanguage\":\"es\",\"@id\":\"https:\/\/farmanuario.com\/tendencias\/producto\/suscripcion-revista-tendencias\/#primaryimage\",\"url\":\"https:\/\/farmanuario.com\/tendencias\/wp-content\/uploads\/2022\/03\/tendencia-uy-3-800x800-5.png\",\"contentUrl\":\"https:\/\/farmanuario.com\/tendencias\/wp-content\/uploads\/2022\/03\/tendencia-uy-3-800x800-5.png\",\"width\":800,\"height\":800},{\"@type\":\"BreadcrumbList\",\"@id\":\"https:\/\/farmanuario.com\/tendencias\/producto\/suscripcion-revista-tendencias\/#breadcrumb\",\"itemListElement\":[{\"@type\":\"ListItem\",\"position\":1,\"name\":\"Portada\",\"item\":\"https:\/\/farmanuario.com\/tendencias\/\"},{\"@type\":\"ListItem\",\"position\":2,\"name\":\"Nuestros Productos\",\"item\":\"https:\/\/farmanuario.com\/tendencias\/tienda-de-farmanuario-4\/\"},{\"@type\":\"ListItem\",\"position\":3,\"name\":\"Tendencias en MedicinaRevista de actualizaci\u00f3n m\u00e9dica continua\"}]},{\"@type\":\"WebSite\",\"@id\":\"https:\/\/farmanuario.com\/tendencias\/#website\",\"url\":\"https:\/\/farmanuario.com\/tendencias\/\",\"name\":\"Farmanuario\",\"description\":\"Informaci\u00f3n sobre Farmacos y Medicamentos\",\"potentialAction\":[{\"@type\":\"SearchAction\",\"target\":{\"@type\":\"EntryPoint\",\"urlTemplate\":\"https:\/\/farmanuario.com\/tendencias\/?s={search_term_string}\"},\"query-input\":{\"@type\":\"PropertyValueSpecification\",\"valueRequired\":true,\"valueName\":\"search_term_string\"}}],\"inLanguage\":\"es\"}]}<\/script>\n<!-- \/ Yoast SEO plugin. -->","yoast_head_json":{"title":"Tendencias en MedicinaRevista de actualizaci\u00f3n m\u00e9dica continua - Farmanuario","robots":{"index":"index","follow":"follow","max-snippet":"max-snippet:-1","max-image-preview":"max-image-preview:large","max-video-preview":"max-video-preview:-1"},"canonical":"https:\/\/farmanuario.com\/tendencias\/producto\/suscripcion-revista-tendencias\/","og_locale":"es_ES","og_type":"article","og_title":"Tendencias en MedicinaRevista de actualizaci\u00f3n m\u00e9dica continua - Farmanuario","og_description":"Seleccione la revista y vea el sumario con los art\u00edculos publicados \u00a0 \u00a0 \u00a0 \u00a0 Tendencias en Medicina es una revista independiente cuyo objetivo es brindar a todos los profesionales de la salud informaci\u00f3n confiable y objetiva sobre los temas de actualidad en medicina. Tendencias en Medicina promueve la excelencia de las competencias cl\u00ednicas del [&hellip;]","og_url":"https:\/\/farmanuario.com\/tendencias\/producto\/suscripcion-revista-tendencias\/","og_site_name":"Farmanuario","article_modified_time":"2025-11-30T14:14:48+00:00","og_image":[{"width":800,"height":800,"url":"https:\/\/farmanuario.com\/tendencias\/wp-content\/uploads\/2022\/03\/tendencia-uy-3-800x800-5.png","type":"image\/png"}],"twitter_card":"summary_large_image","twitter_misc":{"Tiempo de lectura":"2 minutos"},"schema":{"@context":"https:\/\/schema.org","@graph":[{"@type":"WebPage","@id":"https:\/\/farmanuario.com\/tendencias\/producto\/suscripcion-revista-tendencias\/","url":"https:\/\/farmanuario.com\/tendencias\/producto\/suscripcion-revista-tendencias\/","name":"Tendencias en Medicina Revista de actualizaci\u00f3n m\u00e9dica continua - Farmanuario","isPartOf":{"@id":"https:\/\/farmanuario.com\/tendencias\/#website"},"primaryImageOfPage":{"@id":"https:\/\/farmanuario.com\/tendencias\/producto\/suscripcion-revista-tendencias\/#primaryimage"},"image":{"@id":"https:\/\/farmanuario.com\/tendencias\/producto\/suscripcion-revista-tendencias\/#primaryimage"},"thumbnailUrl":"https:\/\/farmanuario.com\/tendencias\/wp-content\/uploads\/2022\/03\/tendencia-uy-3-800x800-5.png","datePublished":"2022-03-17T16:08:38+00:00","dateModified":"2025-11-30T14:14:48+00:00","breadcrumb":{"@id":"https:\/\/farmanuario.com\/tendencias\/producto\/suscripcion-revista-tendencias\/#breadcrumb"},"inLanguage":"es","potentialAction":[{"@type":"ReadAction","target":["https:\/\/farmanuario.com\/tendencias\/producto\/suscripcion-revista-tendencias\/"]}]},{"@type":"ImageObject","inLanguage":"es","@id":"https:\/\/farmanuario.com\/tendencias\/producto\/suscripcion-revista-tendencias\/#primaryimage","url":"https:\/\/farmanuario.com\/tendencias\/wp-content\/uploads\/2022\/03\/tendencia-uy-3-800x800-5.png","contentUrl":"https:\/\/farmanuario.com\/tendencias\/wp-content\/uploads\/2022\/03\/tendencia-uy-3-800x800-5.png","width":800,"height":800},{"@type":"BreadcrumbList","@id":"https:\/\/farmanuario.com\/tendencias\/producto\/suscripcion-revista-tendencias\/#breadcrumb","itemListElement":[{"@type":"ListItem","position":1,"name":"Portada","item":"https:\/\/farmanuario.com\/tendencias\/"},{"@type":"ListItem","position":2,"name":"Nuestros Productos","item":"https:\/\/farmanuario.com\/tendencias\/tienda-de-farmanuario-4\/"},{"@type":"ListItem","position":3,"name":"Tendencias en MedicinaRevista de actualizaci\u00f3n m\u00e9dica continua"}]},{"@type":"WebSite","@id":"https:\/\/farmanuario.com\/tendencias\/#website","url":"https:\/\/farmanuario.com\/tendencias\/","name":"Farmanuario","description":"Informaci\u00f3n sobre Farmacos y Medicamentos","potentialAction":[{"@type":"SearchAction","target":{"@type":"EntryPoint","urlTemplate":"https:\/\/farmanuario.com\/tendencias\/?s={search_term_string}"},"query-input":{"@type":"PropertyValueSpecification","valueRequired":true,"valueName":"search_term_string"}}],"inLanguage":"es"}]}},"_links":{"self":[{"href":"https:\/\/farmanuario.com\/tendencias\/wp-json\/wp\/v2\/product\/1986","targetHints":{"allow":["GET"]}}],"collection":[{"href":"https:\/\/farmanuario.com\/tendencias\/wp-json\/wp\/v2\/product"}],"about":[{"href":"https:\/\/farmanuario.com\/tendencias\/wp-json\/wp\/v2\/types\/product"}],"replies":[{"embeddable":true,"href":"https:\/\/farmanuario.com\/tendencias\/wp-json\/wp\/v2\/comments?post=1986"}],"wp:featuredmedia":[{"embeddable":true,"href":"https:\/\/farmanuario.com\/tendencias\/wp-json\/wp\/v2\/media\/56911"}],"wp:attachment":[{"href":"https:\/\/farmanuario.com\/tendencias\/wp-json\/wp\/v2\/media?parent=1986"}],"wp:term":[{"taxonomy":"product_brand","embeddable":true,"href":"https:\/\/farmanuario.com\/tendencias\/wp-json\/wp\/v2\/product_brand?post=1986"},{"taxonomy":"product_cat","embeddable":true,"href":"https:\/\/farmanuario.com\/tendencias\/wp-json\/wp\/v2\/product_cat?post=1986"},{"taxonomy":"product_tag","embeddable":true,"href":"https:\/\/farmanuario.com\/tendencias\/wp-json\/wp\/v2\/product_tag?post=1986"}],"curies":[{"name":"wp","href":"https:\/\/api.w.org\/{rel}","templated":true}]}}