{"id":18089,"date":"2022-03-17T16:08:38","date_gmt":"2016-04-08T10:31:38","guid":{"rendered":"https:\/\/farmanuario.com\/product\/suscripcion-revista-tendencias\/"},"modified":"2025-11-30T14:14:48","modified_gmt":"2025-11-30T14:14:48","slug":"suscripcion-revista-tendencias","status":"publish","type":"product","link":"https:\/\/farmanuario.com\/tendencias\/producto\/suscripcion-revista-tendencias\/?lang=py","title":{"rendered":"<b>Tendencias en Medicina<\/b><br><i>Revista de actualizaci\u00f3n m\u00e9dica continua<\/br><\/i>"},"content":{"rendered":"<p>Seleccione la revista y vea el sumario con los art\u00edculos publicados<\/p>\n<p><a href=\"https:\/\/farmanuario.com\/tendencias\/articulo?id=23519&amp;lang=py\" target=\"_blank\" rel=\"noopener\"><img loading=\"lazy\" decoding=\"async\" class=\"alignnone wp-image-56756 size-full\" src=\"https:\/\/farmanuario.com\/wp-content\/uploads\/2022\/03\/Tendencias-Py-19-perspectiva.jpg\" alt=\"N\u00ba 19 - Julio 2024\" width=\"200\" height=\"200\" srcset=\"https:\/\/farmanuario.com\/tendencias\/wp-content\/uploads\/2022\/03\/Tendencias-Py-19-perspectiva.jpg 200w, https:\/\/farmanuario.com\/tendencias\/wp-content\/uploads\/2022\/03\/Tendencias-Py-19-perspectiva-150x150.jpg 150w, https:\/\/farmanuario.com\/tendencias\/wp-content\/uploads\/2022\/03\/Tendencias-Py-19-perspectiva-100x100.jpg 100w\" sizes=\"auto, (max-width: 200px) 100vw, 200px\" \/><\/a>\u00a0\u00a0<a href=\"https:\/\/farmanuario.com\/tendencias\/articulo?id=23447&amp;lang=py\" target=\"_blank\" rel=\"noopener\"><img loading=\"lazy\" decoding=\"async\" class=\"alignnone wp-image-56759 size-full\" src=\"https:\/\/farmanuario.com\/wp-content\/uploads\/2022\/03\/Tendencias-Py-18-perspectiva-1.jpg\" alt=\"N\u00ba 18 - Agosto 2023\" width=\"200\" height=\"200\" srcset=\"https:\/\/farmanuario.com\/tendencias\/wp-content\/uploads\/2022\/03\/Tendencias-Py-18-perspectiva-1.jpg 200w, https:\/\/farmanuario.com\/tendencias\/wp-content\/uploads\/2022\/03\/Tendencias-Py-18-perspectiva-1-150x150.jpg 150w, https:\/\/farmanuario.com\/tendencias\/wp-content\/uploads\/2022\/03\/Tendencias-Py-18-perspectiva-1-100x100.jpg 100w\" sizes=\"auto, (max-width: 200px) 100vw, 200px\" \/><\/a>\u00a0\u00a0<a href=\"https:\/\/farmanuario.com\/tendencias\/articulo\/?id=23370&amp;lang=py\" target=\"_blank\" rel=\"noopener\"><img loading=\"lazy\" decoding=\"async\" class=\"alignnone wp-image-56750 size-full\" src=\"https:\/\/farmanuario.com\/wp-content\/uploads\/2022\/03\/Tendencias-Py-17-perspectiva.jpg\" alt=\"N\u00ba 17 - Agosto 2022\" width=\"200\" height=\"200\" srcset=\"https:\/\/farmanuario.com\/tendencias\/wp-content\/uploads\/2022\/03\/Tendencias-Py-17-perspectiva.jpg 200w, https:\/\/farmanuario.com\/tendencias\/wp-content\/uploads\/2022\/03\/Tendencias-Py-17-perspectiva-150x150.jpg 150w, https:\/\/farmanuario.com\/tendencias\/wp-content\/uploads\/2022\/03\/Tendencias-Py-17-perspectiva-100x100.jpg 100w\" sizes=\"auto, (max-width: 200px) 100vw, 200px\" \/><\/a><\/p>\n<p><strong>Tendencias en Medicina<\/strong>\u00a0es una\u00a0revista m\u00e9dica independiente, cuyo prop\u00f3sito es aportar a los profesionales de la salud informaci\u00f3n confiable y objetiva sobre temas de actualidad en Medicina.<br \/>\n<strong>Tendencias en Medicina<\/strong> procura promover la excelencia de las competencias cl\u00ednicas, mantener una actualizaci\u00f3n continua y de utilidad para la pr\u00e1ctica profesional y sostener la calidad de la atenci\u00f3n de los pacientes.<br \/>\nNuestra revista\u00a0fue fundada en 1992 y se publica desde entonces en forma ininterrumpida en Uruguay y Paraguay.<\/p>\n","protected":false},"excerpt":{"rendered":"<p>Seleccione la revista y vea el sumario con los art\u00edculos publicados \u00a0\u00a0\u00a0\u00a0 Tendencias en Medicina\u00a0es una\u00a0revista m\u00e9dica independiente, cuyo prop\u00f3sito es aportar a los profesionales de la salud informaci\u00f3n confiable y objetiva sobre temas de actualidad en Medicina. Tendencias en Medicina procura promover la excelencia de las competencias cl\u00ednicas, mantener una actualizaci\u00f3n continua y de [&hellip;]<\/p>\n","protected":false},"featured_media":56691,"comment_status":"open","ping_status":"closed","template":"","meta":{"_acf_changed":false,"_monsterinsights_skip_tracking":false,"_monsterinsights_sitenote_active":false,"_monsterinsights_sitenote_note":"","_monsterinsights_sitenote_category":0},"product_brand":[],"product_cat":[3652],"product_tag":[],"class_list":{"0":"post-18089","1":"product","2":"type-product","3":"status-publish","4":"has-post-thumbnail","6":"product_cat-productos-py","8":"first","9":"instock","10":"featured","11":"shipping-taxable","12":"purchasable","13":"product-type-variable"},"acf":[],"yoast_head":"<!-- This site is optimized with the Yoast SEO plugin v25.1 - https:\/\/yoast.com\/wordpress\/plugins\/seo\/ -->\n<title>Tendencias en MedicinaRevista de actualizaci\u00f3n m\u00e9dica continua - Farmanuario<\/title>\n<meta name=\"robots\" content=\"index, follow, max-snippet:-1, max-image-preview:large, max-video-preview:-1\" \/>\n<link rel=\"canonical\" href=\"https:\/\/farmanuario.com\/tendencias\/producto\/suscripcion-revista-tendencias\/?lang=py\" \/>\n<meta property=\"og:locale\" content=\"es_ES\" \/>\n<meta property=\"og:type\" content=\"article\" \/>\n<meta property=\"og:title\" content=\"Tendencias en MedicinaRevista de actualizaci\u00f3n m\u00e9dica continua - Farmanuario\" \/>\n<meta property=\"og:description\" content=\"Seleccione la revista y vea el sumario con los art\u00edculos publicados \u00a0\u00a0\u00a0\u00a0 Tendencias en Medicina\u00a0es una\u00a0revista m\u00e9dica independiente, cuyo prop\u00f3sito es aportar a los profesionales de la salud informaci\u00f3n confiable y objetiva sobre temas de actualidad en Medicina. Tendencias en Medicina procura promover la excelencia de las competencias cl\u00ednicas, mantener una actualizaci\u00f3n continua y de [&hellip;]\" \/>\n<meta property=\"og:url\" content=\"https:\/\/farmanuario.com\/tendencias\/producto\/suscripcion-revista-tendencias\/?lang=py\" \/>\n<meta property=\"og:site_name\" content=\"Farmanuario\" \/>\n<meta property=\"article:modified_time\" content=\"2025-11-30T14:14:48+00:00\" \/>\n<meta property=\"og:image\" content=\"https:\/\/farmanuario.com\/tendencias\/wp-content\/uploads\/2022\/03\/tendencia-py-3-800x800-2.png\" \/>\n\t<meta property=\"og:image:width\" content=\"800\" \/>\n\t<meta property=\"og:image:height\" content=\"800\" \/>\n\t<meta property=\"og:image:type\" content=\"image\/png\" \/>\n<meta name=\"twitter:card\" content=\"summary_large_image\" \/>\n<meta name=\"twitter:label1\" content=\"Tiempo de lectura\" \/>\n\t<meta name=\"twitter:data1\" content=\"2 minutos\" \/>\n<script type=\"application\/ld+json\" class=\"yoast-schema-graph\">{\"@context\":\"https:\/\/schema.org\",\"@graph\":[{\"@type\":\"WebPage\",\"@id\":\"https:\/\/farmanuario.com\/tendencias\/producto\/suscripcion-revista-tendencias\/?lang=py\",\"url\":\"https:\/\/farmanuario.com\/tendencias\/producto\/suscripcion-revista-tendencias\/?lang=py\",\"name\":\"Tendencias en Medicina Revista de actualizaci\u00f3n m\u00e9dica continua - Farmanuario\",\"isPartOf\":{\"@id\":\"https:\/\/farmanuario.com\/tendencias\/#website\"},\"primaryImageOfPage\":{\"@id\":\"https:\/\/farmanuario.com\/tendencias\/producto\/suscripcion-revista-tendencias\/?lang=py#primaryimage\"},\"image\":{\"@id\":\"https:\/\/farmanuario.com\/tendencias\/producto\/suscripcion-revista-tendencias\/?lang=py#primaryimage\"},\"thumbnailUrl\":\"https:\/\/farmanuario.com\/tendencias\/wp-content\/uploads\/2022\/03\/tendencia-py-3-800x800-2.png\",\"datePublished\":\"2016-04-08T10:31:38+00:00\",\"dateModified\":\"2025-11-30T14:14:48+00:00\",\"breadcrumb\":{\"@id\":\"https:\/\/farmanuario.com\/tendencias\/producto\/suscripcion-revista-tendencias\/?lang=py#breadcrumb\"},\"inLanguage\":\"es\",\"potentialAction\":[{\"@type\":\"ReadAction\",\"target\":[\"https:\/\/farmanuario.com\/tendencias\/producto\/suscripcion-revista-tendencias\/?lang=py\"]}]},{\"@type\":\"ImageObject\",\"inLanguage\":\"es\",\"@id\":\"https:\/\/farmanuario.com\/tendencias\/producto\/suscripcion-revista-tendencias\/?lang=py#primaryimage\",\"url\":\"https:\/\/farmanuario.com\/tendencias\/wp-content\/uploads\/2022\/03\/tendencia-py-3-800x800-2.png\",\"contentUrl\":\"https:\/\/farmanuario.com\/tendencias\/wp-content\/uploads\/2022\/03\/tendencia-py-3-800x800-2.png\",\"width\":800,\"height\":800},{\"@type\":\"BreadcrumbList\",\"@id\":\"https:\/\/farmanuario.com\/tendencias\/producto\/suscripcion-revista-tendencias\/?lang=py#breadcrumb\",\"itemListElement\":[{\"@type\":\"ListItem\",\"position\":1,\"name\":\"Portada\",\"item\":\"https:\/\/farmanuario.com\/tendencias\/\"},{\"@type\":\"ListItem\",\"position\":2,\"name\":\"Nuestros Productos\",\"item\":\"https:\/\/farmanuario.com\/tendencias\/tienda-de-farmanuario-4\/\"},{\"@type\":\"ListItem\",\"position\":3,\"name\":\"Tendencias en MedicinaRevista de actualizaci\u00f3n m\u00e9dica continua\"}]},{\"@type\":\"WebSite\",\"@id\":\"https:\/\/farmanuario.com\/tendencias\/#website\",\"url\":\"https:\/\/farmanuario.com\/tendencias\/\",\"name\":\"Farmanuario\",\"description\":\"Informaci\u00f3n sobre Farmacos y Medicamentos\",\"potentialAction\":[{\"@type\":\"SearchAction\",\"target\":{\"@type\":\"EntryPoint\",\"urlTemplate\":\"https:\/\/farmanuario.com\/tendencias\/?s={search_term_string}\"},\"query-input\":{\"@type\":\"PropertyValueSpecification\",\"valueRequired\":true,\"valueName\":\"search_term_string\"}}],\"inLanguage\":\"es\"}]}<\/script>\n<!-- \/ Yoast SEO plugin. -->","yoast_head_json":{"title":"Tendencias en MedicinaRevista de actualizaci\u00f3n m\u00e9dica continua - Farmanuario","robots":{"index":"index","follow":"follow","max-snippet":"max-snippet:-1","max-image-preview":"max-image-preview:large","max-video-preview":"max-video-preview:-1"},"canonical":"https:\/\/farmanuario.com\/tendencias\/producto\/suscripcion-revista-tendencias\/?lang=py","og_locale":"es_ES","og_type":"article","og_title":"Tendencias en MedicinaRevista de actualizaci\u00f3n m\u00e9dica continua - Farmanuario","og_description":"Seleccione la revista y vea el sumario con los art\u00edculos publicados \u00a0\u00a0\u00a0\u00a0 Tendencias en Medicina\u00a0es una\u00a0revista m\u00e9dica independiente, cuyo prop\u00f3sito es aportar a los profesionales de la salud informaci\u00f3n confiable y objetiva sobre temas de actualidad en Medicina. Tendencias en Medicina procura promover la excelencia de las competencias cl\u00ednicas, mantener una actualizaci\u00f3n continua y de [&hellip;]","og_url":"https:\/\/farmanuario.com\/tendencias\/producto\/suscripcion-revista-tendencias\/?lang=py","og_site_name":"Farmanuario","article_modified_time":"2025-11-30T14:14:48+00:00","og_image":[{"width":800,"height":800,"url":"https:\/\/farmanuario.com\/tendencias\/wp-content\/uploads\/2022\/03\/tendencia-py-3-800x800-2.png","type":"image\/png"}],"twitter_card":"summary_large_image","twitter_misc":{"Tiempo de lectura":"2 minutos"},"schema":{"@context":"https:\/\/schema.org","@graph":[{"@type":"WebPage","@id":"https:\/\/farmanuario.com\/tendencias\/producto\/suscripcion-revista-tendencias\/?lang=py","url":"https:\/\/farmanuario.com\/tendencias\/producto\/suscripcion-revista-tendencias\/?lang=py","name":"Tendencias en Medicina Revista de actualizaci\u00f3n m\u00e9dica continua - Farmanuario","isPartOf":{"@id":"https:\/\/farmanuario.com\/tendencias\/#website"},"primaryImageOfPage":{"@id":"https:\/\/farmanuario.com\/tendencias\/producto\/suscripcion-revista-tendencias\/?lang=py#primaryimage"},"image":{"@id":"https:\/\/farmanuario.com\/tendencias\/producto\/suscripcion-revista-tendencias\/?lang=py#primaryimage"},"thumbnailUrl":"https:\/\/farmanuario.com\/tendencias\/wp-content\/uploads\/2022\/03\/tendencia-py-3-800x800-2.png","datePublished":"2016-04-08T10:31:38+00:00","dateModified":"2025-11-30T14:14:48+00:00","breadcrumb":{"@id":"https:\/\/farmanuario.com\/tendencias\/producto\/suscripcion-revista-tendencias\/?lang=py#breadcrumb"},"inLanguage":"es","potentialAction":[{"@type":"ReadAction","target":["https:\/\/farmanuario.com\/tendencias\/producto\/suscripcion-revista-tendencias\/?lang=py"]}]},{"@type":"ImageObject","inLanguage":"es","@id":"https:\/\/farmanuario.com\/tendencias\/producto\/suscripcion-revista-tendencias\/?lang=py#primaryimage","url":"https:\/\/farmanuario.com\/tendencias\/wp-content\/uploads\/2022\/03\/tendencia-py-3-800x800-2.png","contentUrl":"https:\/\/farmanuario.com\/tendencias\/wp-content\/uploads\/2022\/03\/tendencia-py-3-800x800-2.png","width":800,"height":800},{"@type":"BreadcrumbList","@id":"https:\/\/farmanuario.com\/tendencias\/producto\/suscripcion-revista-tendencias\/?lang=py#breadcrumb","itemListElement":[{"@type":"ListItem","position":1,"name":"Portada","item":"https:\/\/farmanuario.com\/tendencias\/"},{"@type":"ListItem","position":2,"name":"Nuestros Productos","item":"https:\/\/farmanuario.com\/tendencias\/tienda-de-farmanuario-4\/"},{"@type":"ListItem","position":3,"name":"Tendencias en MedicinaRevista de actualizaci\u00f3n m\u00e9dica continua"}]},{"@type":"WebSite","@id":"https:\/\/farmanuario.com\/tendencias\/#website","url":"https:\/\/farmanuario.com\/tendencias\/","name":"Farmanuario","description":"Informaci\u00f3n sobre Farmacos y Medicamentos","potentialAction":[{"@type":"SearchAction","target":{"@type":"EntryPoint","urlTemplate":"https:\/\/farmanuario.com\/tendencias\/?s={search_term_string}"},"query-input":{"@type":"PropertyValueSpecification","valueRequired":true,"valueName":"search_term_string"}}],"inLanguage":"es"}]}},"_links":{"self":[{"href":"https:\/\/farmanuario.com\/tendencias\/wp-json\/wp\/v2\/product\/18089","targetHints":{"allow":["GET"]}}],"collection":[{"href":"https:\/\/farmanuario.com\/tendencias\/wp-json\/wp\/v2\/product"}],"about":[{"href":"https:\/\/farmanuario.com\/tendencias\/wp-json\/wp\/v2\/types\/product"}],"replies":[{"embeddable":true,"href":"https:\/\/farmanuario.com\/tendencias\/wp-json\/wp\/v2\/comments?post=18089"}],"wp:featuredmedia":[{"embeddable":true,"href":"https:\/\/farmanuario.com\/tendencias\/wp-json\/wp\/v2\/media\/56691"}],"wp:attachment":[{"href":"https:\/\/farmanuario.com\/tendencias\/wp-json\/wp\/v2\/media?parent=18089"}],"wp:term":[{"taxonomy":"product_brand","embeddable":true,"href":"https:\/\/farmanuario.com\/tendencias\/wp-json\/wp\/v2\/product_brand?post=18089"},{"taxonomy":"product_cat","embeddable":true,"href":"https:\/\/farmanuario.com\/tendencias\/wp-json\/wp\/v2\/product_cat?post=18089"},{"taxonomy":"product_tag","embeddable":true,"href":"https:\/\/farmanuario.com\/tendencias\/wp-json\/wp\/v2\/product_tag?post=18089"}],"curies":[{"name":"wp","href":"https:\/\/api.w.org\/{rel}","templated":true}]}}