{"id":1770,"date":"2016-03-30T14:07:19","date_gmt":"2016-03-30T14:07:19","guid":{"rendered":"http:\/\/farmanuario.com\/?post_type=product&#038;p=1770"},"modified":"2025-12-03T10:50:30","modified_gmt":"2025-12-03T10:50:30","slug":"suscripcion-anual-a-version-profesional","status":"publish","type":"product","link":"https:\/\/farmanuario.com\/tendencias\/producto\/suscripcion-anual-a-version-profesional\/","title":{"rendered":"<B>Farmanuario Vadem\u00e9cum M\u00f3vil<\/B><Br><i>en su celular iPhone<\/Br><\/i>"},"content":{"rendered":"<p><iframe loading=\"lazy\" src=\"https:\/\/www.youtube.com\/embed\/tcav9L1_luM\" width=\"560\" height=\"315\" frameborder=\"0\" allowfullscreen=\"allowfullscreen\"><\/iframe><\/p>\n<p>Farmanuario Vadem\u00e9cum M\u00f3vil es una aplicaci\u00f3n para tel\u00e9fonos celulares que permite acceder y consultar la base de datos de Farmanuario, directamente desde el smartphone.<br \/>\nSin necesidad de conexi\u00f3n a Internet, permite realizar consultas y b\u00fasquedas \u00e1giles por marca comercial, principio activo, grupo terap\u00e9utico y por laboratorio.<br \/>\nLa App contiene toda la informaci\u00f3n farmacol\u00f3gica y terap\u00e9utica completa de Farmanuario sobre todos los medicamentos disponibles en el pa\u00eds. Para cada medicamento Farmanuario M\u00f3vil describe sus indicaciones, dosis, reacciones adversas e interacciones, junto a las presentaciones comerciales y productos similares disponibles en el pa\u00eds. La aplicaci\u00f3n para Uruguay y Paraguay, tambi\u00e9n incluye el precio de venta al p\u00fablico.<br \/>\nEl contenido t\u00e9cnico de la aplicaci\u00f3n es elaborado por Farmanuario y actualizado permanentemente a partir de fuentes bibliogr\u00e1ficas de referencia internacional, por un Comit\u00e9 Cient\u00edfico multidisciplinario.<br \/>\nAdicionalmente, Farmanuario M\u00f3vil brinda acceso al \u00edndice de empresas farmac\u00e9uticas con direcci\u00f3n, tel\u00e9fono y mail del laboratorio, as\u00ed como los productos que comercializa.<br \/>\nLa licencia de uso de Farmanuario M\u00f3vil incluye la actualizaci\u00f3n permanente, con frecuencia semanal, de altas, bajas, modificaciones de productos y cambios de precios.<\/p>\n<p>La prescripci\u00f3n de medicamentos es un acto profesional reservado a M\u00e9dicos habilitados.<\/p>\n<p><strong>Farmanuario<\/strong> advierte contra el uso indebido de la informaci\u00f3n contenida en esta aplicaci\u00f3n.<\/p>\n<p><em><strong>Descarga y compra directa en AppStore<\/strong><\/em><\/p>\n","protected":false},"excerpt":{"rendered":"<p>Farmanuario Vadem\u00e9cum M\u00f3vil es una aplicaci\u00f3n para tel\u00e9fonos celulares que permite acceder y consultar la base de datos de Farmanuario, directamente desde el smartphone. Sin necesidad de conexi\u00f3n a Internet, permite realizar consultas y b\u00fasquedas \u00e1giles por marca comercial, principio activo, grupo terap\u00e9utico y por laboratorio. La App contiene toda la informaci\u00f3n farmacol\u00f3gica y terap\u00e9utica [&hellip;]<\/p>\n","protected":false},"featured_media":54979,"comment_status":"open","ping_status":"closed","template":"","meta":{"_acf_changed":false,"_monsterinsights_skip_tracking":false,"_monsterinsights_sitenote_active":false,"_monsterinsights_sitenote_note":"","_monsterinsights_sitenote_category":0},"product_brand":[],"product_cat":[3116],"product_tag":[],"class_list":{"0":"post-1770","1":"product","2":"type-product","3":"status-publish","4":"has-post-thumbnail","6":"product_cat-productos","8":"first","9":"instock","10":"shipping-taxable","11":"product-type-external"},"acf":[],"yoast_head":"<!-- This site is optimized with the Yoast SEO plugin v25.1 - https:\/\/yoast.com\/wordpress\/plugins\/seo\/ -->\n<title>Farmanuario Vadem\u00e9cum M\u00f3vilen su celular iPhone - Farmanuario<\/title>\n<meta name=\"robots\" content=\"index, follow, max-snippet:-1, max-image-preview:large, max-video-preview:-1\" \/>\n<link rel=\"canonical\" href=\"https:\/\/farmanuario.com\/tendencias\/producto\/suscripcion-anual-a-version-profesional\/\" \/>\n<meta property=\"og:locale\" content=\"es_ES\" \/>\n<meta property=\"og:type\" content=\"article\" \/>\n<meta property=\"og:title\" content=\"Farmanuario Vadem\u00e9cum M\u00f3vilen su celular iPhone - Farmanuario\" \/>\n<meta property=\"og:description\" content=\"Farmanuario Vadem\u00e9cum M\u00f3vil es una aplicaci\u00f3n para tel\u00e9fonos celulares que permite acceder y consultar la base de datos de Farmanuario, directamente desde el smartphone. Sin necesidad de conexi\u00f3n a Internet, permite realizar consultas y b\u00fasquedas \u00e1giles por marca comercial, principio activo, grupo terap\u00e9utico y por laboratorio. La App contiene toda la informaci\u00f3n farmacol\u00f3gica y terap\u00e9utica [&hellip;]\" \/>\n<meta property=\"og:url\" content=\"https:\/\/farmanuario.com\/tendencias\/producto\/suscripcion-anual-a-version-profesional\/\" \/>\n<meta property=\"og:site_name\" content=\"Farmanuario\" \/>\n<meta property=\"article:modified_time\" content=\"2025-12-03T10:50:30+00:00\" \/>\n<meta property=\"og:image\" content=\"https:\/\/farmanuario.com\/tendencias\/wp-content\/uploads\/2016\/04\/Movil-IOS.png\" \/>\n\t<meta property=\"og:image:width\" content=\"800\" \/>\n\t<meta property=\"og:image:height\" content=\"800\" \/>\n\t<meta property=\"og:image:type\" content=\"image\/png\" \/>\n<meta name=\"twitter:card\" content=\"summary_large_image\" \/>\n<meta name=\"twitter:label1\" content=\"Tiempo de lectura\" \/>\n\t<meta name=\"twitter:data1\" content=\"2 minutos\" \/>\n<script type=\"application\/ld+json\" class=\"yoast-schema-graph\">{\"@context\":\"https:\/\/schema.org\",\"@graph\":[{\"@type\":\"WebPage\",\"@id\":\"https:\/\/farmanuario.com\/tendencias\/producto\/suscripcion-anual-a-version-profesional\/\",\"url\":\"https:\/\/farmanuario.com\/tendencias\/producto\/suscripcion-anual-a-version-profesional\/\",\"name\":\"Farmanuario Vadem\u00e9cum M\u00f3vil en su celular iPhone - Farmanuario\",\"isPartOf\":{\"@id\":\"https:\/\/farmanuario.com\/tendencias\/#website\"},\"primaryImageOfPage\":{\"@id\":\"https:\/\/farmanuario.com\/tendencias\/producto\/suscripcion-anual-a-version-profesional\/#primaryimage\"},\"image\":{\"@id\":\"https:\/\/farmanuario.com\/tendencias\/producto\/suscripcion-anual-a-version-profesional\/#primaryimage\"},\"thumbnailUrl\":\"https:\/\/farmanuario.com\/tendencias\/wp-content\/uploads\/2016\/04\/Movil-IOS.png\",\"datePublished\":\"2016-03-30T14:07:19+00:00\",\"dateModified\":\"2025-12-03T10:50:30+00:00\",\"breadcrumb\":{\"@id\":\"https:\/\/farmanuario.com\/tendencias\/producto\/suscripcion-anual-a-version-profesional\/#breadcrumb\"},\"inLanguage\":\"es\",\"potentialAction\":[{\"@type\":\"ReadAction\",\"target\":[\"https:\/\/farmanuario.com\/tendencias\/producto\/suscripcion-anual-a-version-profesional\/\"]}]},{\"@type\":\"ImageObject\",\"inLanguage\":\"es\",\"@id\":\"https:\/\/farmanuario.com\/tendencias\/producto\/suscripcion-anual-a-version-profesional\/#primaryimage\",\"url\":\"https:\/\/farmanuario.com\/tendencias\/wp-content\/uploads\/2016\/04\/Movil-IOS.png\",\"contentUrl\":\"https:\/\/farmanuario.com\/tendencias\/wp-content\/uploads\/2016\/04\/Movil-IOS.png\",\"width\":800,\"height\":800},{\"@type\":\"BreadcrumbList\",\"@id\":\"https:\/\/farmanuario.com\/tendencias\/producto\/suscripcion-anual-a-version-profesional\/#breadcrumb\",\"itemListElement\":[{\"@type\":\"ListItem\",\"position\":1,\"name\":\"Portada\",\"item\":\"https:\/\/farmanuario.com\/tendencias\/\"},{\"@type\":\"ListItem\",\"position\":2,\"name\":\"Nuestros Productos\",\"item\":\"https:\/\/farmanuario.com\/tendencias\/tienda-de-farmanuario-4\/\"},{\"@type\":\"ListItem\",\"position\":3,\"name\":\"Farmanuario Vadem\u00e9cum M\u00f3vilen su celular iPhone\"}]},{\"@type\":\"WebSite\",\"@id\":\"https:\/\/farmanuario.com\/tendencias\/#website\",\"url\":\"https:\/\/farmanuario.com\/tendencias\/\",\"name\":\"Farmanuario\",\"description\":\"Informaci\u00f3n sobre Farmacos y Medicamentos\",\"potentialAction\":[{\"@type\":\"SearchAction\",\"target\":{\"@type\":\"EntryPoint\",\"urlTemplate\":\"https:\/\/farmanuario.com\/tendencias\/?s={search_term_string}\"},\"query-input\":{\"@type\":\"PropertyValueSpecification\",\"valueRequired\":true,\"valueName\":\"search_term_string\"}}],\"inLanguage\":\"es\"}]}<\/script>\n<!-- \/ Yoast SEO plugin. -->","yoast_head_json":{"title":"Farmanuario Vadem\u00e9cum M\u00f3vilen su celular iPhone - Farmanuario","robots":{"index":"index","follow":"follow","max-snippet":"max-snippet:-1","max-image-preview":"max-image-preview:large","max-video-preview":"max-video-preview:-1"},"canonical":"https:\/\/farmanuario.com\/tendencias\/producto\/suscripcion-anual-a-version-profesional\/","og_locale":"es_ES","og_type":"article","og_title":"Farmanuario Vadem\u00e9cum M\u00f3vilen su celular iPhone - Farmanuario","og_description":"Farmanuario Vadem\u00e9cum M\u00f3vil es una aplicaci\u00f3n para tel\u00e9fonos celulares que permite acceder y consultar la base de datos de Farmanuario, directamente desde el smartphone. Sin necesidad de conexi\u00f3n a Internet, permite realizar consultas y b\u00fasquedas \u00e1giles por marca comercial, principio activo, grupo terap\u00e9utico y por laboratorio. La App contiene toda la informaci\u00f3n farmacol\u00f3gica y terap\u00e9utica [&hellip;]","og_url":"https:\/\/farmanuario.com\/tendencias\/producto\/suscripcion-anual-a-version-profesional\/","og_site_name":"Farmanuario","article_modified_time":"2025-12-03T10:50:30+00:00","og_image":[{"width":800,"height":800,"url":"https:\/\/farmanuario.com\/tendencias\/wp-content\/uploads\/2016\/04\/Movil-IOS.png","type":"image\/png"}],"twitter_card":"summary_large_image","twitter_misc":{"Tiempo de lectura":"2 minutos"},"schema":{"@context":"https:\/\/schema.org","@graph":[{"@type":"WebPage","@id":"https:\/\/farmanuario.com\/tendencias\/producto\/suscripcion-anual-a-version-profesional\/","url":"https:\/\/farmanuario.com\/tendencias\/producto\/suscripcion-anual-a-version-profesional\/","name":"Farmanuario Vadem\u00e9cum M\u00f3vil en su celular iPhone - Farmanuario","isPartOf":{"@id":"https:\/\/farmanuario.com\/tendencias\/#website"},"primaryImageOfPage":{"@id":"https:\/\/farmanuario.com\/tendencias\/producto\/suscripcion-anual-a-version-profesional\/#primaryimage"},"image":{"@id":"https:\/\/farmanuario.com\/tendencias\/producto\/suscripcion-anual-a-version-profesional\/#primaryimage"},"thumbnailUrl":"https:\/\/farmanuario.com\/tendencias\/wp-content\/uploads\/2016\/04\/Movil-IOS.png","datePublished":"2016-03-30T14:07:19+00:00","dateModified":"2025-12-03T10:50:30+00:00","breadcrumb":{"@id":"https:\/\/farmanuario.com\/tendencias\/producto\/suscripcion-anual-a-version-profesional\/#breadcrumb"},"inLanguage":"es","potentialAction":[{"@type":"ReadAction","target":["https:\/\/farmanuario.com\/tendencias\/producto\/suscripcion-anual-a-version-profesional\/"]}]},{"@type":"ImageObject","inLanguage":"es","@id":"https:\/\/farmanuario.com\/tendencias\/producto\/suscripcion-anual-a-version-profesional\/#primaryimage","url":"https:\/\/farmanuario.com\/tendencias\/wp-content\/uploads\/2016\/04\/Movil-IOS.png","contentUrl":"https:\/\/farmanuario.com\/tendencias\/wp-content\/uploads\/2016\/04\/Movil-IOS.png","width":800,"height":800},{"@type":"BreadcrumbList","@id":"https:\/\/farmanuario.com\/tendencias\/producto\/suscripcion-anual-a-version-profesional\/#breadcrumb","itemListElement":[{"@type":"ListItem","position":1,"name":"Portada","item":"https:\/\/farmanuario.com\/tendencias\/"},{"@type":"ListItem","position":2,"name":"Nuestros Productos","item":"https:\/\/farmanuario.com\/tendencias\/tienda-de-farmanuario-4\/"},{"@type":"ListItem","position":3,"name":"Farmanuario Vadem\u00e9cum M\u00f3vilen su celular iPhone"}]},{"@type":"WebSite","@id":"https:\/\/farmanuario.com\/tendencias\/#website","url":"https:\/\/farmanuario.com\/tendencias\/","name":"Farmanuario","description":"Informaci\u00f3n sobre Farmacos y Medicamentos","potentialAction":[{"@type":"SearchAction","target":{"@type":"EntryPoint","urlTemplate":"https:\/\/farmanuario.com\/tendencias\/?s={search_term_string}"},"query-input":{"@type":"PropertyValueSpecification","valueRequired":true,"valueName":"search_term_string"}}],"inLanguage":"es"}]}},"_links":{"self":[{"href":"https:\/\/farmanuario.com\/tendencias\/wp-json\/wp\/v2\/product\/1770","targetHints":{"allow":["GET"]}}],"collection":[{"href":"https:\/\/farmanuario.com\/tendencias\/wp-json\/wp\/v2\/product"}],"about":[{"href":"https:\/\/farmanuario.com\/tendencias\/wp-json\/wp\/v2\/types\/product"}],"replies":[{"embeddable":true,"href":"https:\/\/farmanuario.com\/tendencias\/wp-json\/wp\/v2\/comments?post=1770"}],"wp:featuredmedia":[{"embeddable":true,"href":"https:\/\/farmanuario.com\/tendencias\/wp-json\/wp\/v2\/media\/54979"}],"wp:attachment":[{"href":"https:\/\/farmanuario.com\/tendencias\/wp-json\/wp\/v2\/media?parent=1770"}],"wp:term":[{"taxonomy":"product_brand","embeddable":true,"href":"https:\/\/farmanuario.com\/tendencias\/wp-json\/wp\/v2\/product_brand?post=1770"},{"taxonomy":"product_cat","embeddable":true,"href":"https:\/\/farmanuario.com\/tendencias\/wp-json\/wp\/v2\/product_cat?post=1770"},{"taxonomy":"product_tag","embeddable":true,"href":"https:\/\/farmanuario.com\/tendencias\/wp-json\/wp\/v2\/product_tag?post=1770"}],"curies":[{"name":"wp","href":"https:\/\/api.w.org\/{rel}","templated":true}]}}