{"id":1714,"date":"2020-10-23T21:01:56","date_gmt":"2020-10-23T21:01:56","guid":{"rendered":"http:\/\/farmanuario.com\/?post_type=product&#038;p=1714"},"modified":"2025-07-13T21:39:43","modified_gmt":"2025-07-13T21:39:43","slug":"farmanuario-ultima-edicion","status":"publish","type":"product","link":"https:\/\/farmanuario.com\/tendencias\/producto\/farmanuario-ultima-edicion\/","title":{"rendered":"<b>Farmanuario Edici\u00f3n 2025<\/b><br><i>El Libro de los Medicamentos<\/i><\/br>Gu\u00eda farmacol\u00f3gica y terap\u00e9utica"},"content":{"rendered":"<p><strong>FARMANUARIO<\/strong>, <strong><em>\u201cel Libro de los Medicamentos\u201d<\/em><\/strong>, es una gu\u00eda farmacol\u00f3gica y terap\u00e9utica que informa sobre los principios activos y presentaciones comerciales de todos los medicamentos disponibles en el pa\u00eds.<\/p>\n<p><strong>FARMANUARIO<\/strong> es una obra m\u00e9dica original, que se publica anualmente en forma ininterrumpida desde hace m\u00e1s de 35 a\u00f1os en Uruguay, Paraguay y Argentina, constituyendo una importante herramienta de apoyo a la labor cotidiana de m\u00e9dicos, farmac\u00e9uticos, ejecutivos de la industria e instituciones de salud.<\/p>\n<p>Sus contenidos est\u00e1n ordenados en cap\u00edtulos por especialidad m\u00e9dica y grupo terap\u00e9utico. Para cada medicamento se presenta una ficha t\u00e9cnica completa con informaci\u00f3n farmacol\u00f3gica pr\u00e1ctica y actualizada, y junto a ella las distintas marcas comerciales y presentaciones disponibles en el pa\u00eds.<\/p>\n<p>La ficha t\u00e9cnica elaborada por <strong>FARMANUARIO<\/strong> para cada medicamento incluye <em>usos, precauciones, reacciones adversas, embarazo, lactancia, interacciones y dosis.<\/em> Esta informaci\u00f3n t\u00e9cnica de autor\u00eda propia es elaborada por un Comit\u00e9 Cient\u00edfico internacional, en base a fuentes bibliogr\u00e1ficas de referencia mundial.<\/p>\n<p>El libro <strong>FARMANUARIO<\/strong> permite ubicar de forma \u00e1gil la informaci\u00f3n requerida a trav\u00e9s de un \u00fanico <b><em>\u00cdndice de Multientrada<\/em><\/b>, ingresando por marca, principio activo o grupo terap\u00e9utico.<\/p>\n","protected":false},"excerpt":{"rendered":"<p>Precios para compra dentro del pa\u00eds de or\u00edgen. Para compras desde el extranjero se agregar\u00e1 el costo de env\u00edo internacional se\u00f1alado<\/p>\n","protected":false},"featured_media":56914,"comment_status":"open","ping_status":"closed","template":"","meta":{"_acf_changed":false,"_monsterinsights_skip_tracking":false,"_monsterinsights_sitenote_active":false,"_monsterinsights_sitenote_note":"","_monsterinsights_sitenote_category":0},"product_brand":[],"product_cat":[3116],"product_tag":[],"class_list":{"0":"post-1714","1":"product","2":"type-product","3":"status-publish","4":"has-post-thumbnail","6":"product_cat-productos","8":"first","9":"instock","10":"featured","11":"shipping-taxable","12":"purchasable","13":"product-type-variable"},"acf":[],"yoast_head":"<!-- This site is optimized with the Yoast SEO plugin v25.1 - https:\/\/yoast.com\/wordpress\/plugins\/seo\/ -->\n<title>Farmanuario Edici\u00f3n 2025El Libro de los MedicamentosGu\u00eda farmacol\u00f3gica y terap\u00e9utica - Farmanuario<\/title>\n<meta name=\"robots\" content=\"index, follow, max-snippet:-1, max-image-preview:large, max-video-preview:-1\" \/>\n<link rel=\"canonical\" href=\"https:\/\/farmanuario.com\/tendencias\/producto\/farmanuario-ultima-edicion\/\" \/>\n<meta property=\"og:locale\" content=\"es_ES\" \/>\n<meta property=\"og:type\" content=\"article\" \/>\n<meta property=\"og:title\" content=\"Farmanuario Edici\u00f3n 2025El Libro de los MedicamentosGu\u00eda farmacol\u00f3gica y terap\u00e9utica - Farmanuario\" \/>\n<meta property=\"og:description\" content=\"Precios para compra dentro del pa\u00eds de or\u00edgen. Para compras desde el extranjero se agregar\u00e1 el costo de env\u00edo internacional se\u00f1alado\" \/>\n<meta property=\"og:url\" content=\"https:\/\/farmanuario.com\/tendencias\/producto\/farmanuario-ultima-edicion\/\" \/>\n<meta property=\"og:site_name\" content=\"Farmanuario\" \/>\n<meta property=\"article:modified_time\" content=\"2025-07-13T21:39:43+00:00\" \/>\n<meta property=\"og:image\" content=\"https:\/\/farmanuario.com\/tendencias\/wp-content\/uploads\/2020\/10\/farmanuario-uy-800x800-4.png\" \/>\n\t<meta property=\"og:image:width\" content=\"800\" \/>\n\t<meta property=\"og:image:height\" content=\"800\" \/>\n\t<meta property=\"og:image:type\" content=\"image\/png\" \/>\n<meta name=\"twitter:card\" content=\"summary_large_image\" \/>\n<meta name=\"twitter:label1\" content=\"Tiempo de lectura\" \/>\n\t<meta name=\"twitter:data1\" content=\"2 minutos\" \/>\n<script type=\"application\/ld+json\" class=\"yoast-schema-graph\">{\"@context\":\"https:\/\/schema.org\",\"@graph\":[{\"@type\":\"WebPage\",\"@id\":\"https:\/\/farmanuario.com\/tendencias\/producto\/farmanuario-ultima-edicion\/\",\"url\":\"https:\/\/farmanuario.com\/tendencias\/producto\/farmanuario-ultima-edicion\/\",\"name\":\"Farmanuario Edici\u00f3n 2025 El Libro de los MedicamentosGu\u00eda farmacol\u00f3gica y terap\u00e9utica - Farmanuario\",\"isPartOf\":{\"@id\":\"https:\/\/farmanuario.com\/tendencias\/#website\"},\"primaryImageOfPage\":{\"@id\":\"https:\/\/farmanuario.com\/tendencias\/producto\/farmanuario-ultima-edicion\/#primaryimage\"},\"image\":{\"@id\":\"https:\/\/farmanuario.com\/tendencias\/producto\/farmanuario-ultima-edicion\/#primaryimage\"},\"thumbnailUrl\":\"https:\/\/farmanuario.com\/tendencias\/wp-content\/uploads\/2020\/10\/farmanuario-uy-800x800-4.png\",\"datePublished\":\"2020-10-23T21:01:56+00:00\",\"dateModified\":\"2025-07-13T21:39:43+00:00\",\"breadcrumb\":{\"@id\":\"https:\/\/farmanuario.com\/tendencias\/producto\/farmanuario-ultima-edicion\/#breadcrumb\"},\"inLanguage\":\"es\",\"potentialAction\":[{\"@type\":\"ReadAction\",\"target\":[\"https:\/\/farmanuario.com\/tendencias\/producto\/farmanuario-ultima-edicion\/\"]}]},{\"@type\":\"ImageObject\",\"inLanguage\":\"es\",\"@id\":\"https:\/\/farmanuario.com\/tendencias\/producto\/farmanuario-ultima-edicion\/#primaryimage\",\"url\":\"https:\/\/farmanuario.com\/tendencias\/wp-content\/uploads\/2020\/10\/farmanuario-uy-800x800-4.png\",\"contentUrl\":\"https:\/\/farmanuario.com\/tendencias\/wp-content\/uploads\/2020\/10\/farmanuario-uy-800x800-4.png\",\"width\":800,\"height\":800},{\"@type\":\"BreadcrumbList\",\"@id\":\"https:\/\/farmanuario.com\/tendencias\/producto\/farmanuario-ultima-edicion\/#breadcrumb\",\"itemListElement\":[{\"@type\":\"ListItem\",\"position\":1,\"name\":\"Portada\",\"item\":\"https:\/\/farmanuario.com\/tendencias\/\"},{\"@type\":\"ListItem\",\"position\":2,\"name\":\"Nuestros Productos\",\"item\":\"https:\/\/farmanuario.com\/tendencias\/tienda-de-farmanuario-4\/\"},{\"@type\":\"ListItem\",\"position\":3,\"name\":\"Farmanuario Edici\u00f3n 2025El Libro de los MedicamentosGu\u00eda farmacol\u00f3gica y terap\u00e9utica\"}]},{\"@type\":\"WebSite\",\"@id\":\"https:\/\/farmanuario.com\/tendencias\/#website\",\"url\":\"https:\/\/farmanuario.com\/tendencias\/\",\"name\":\"Farmanuario\",\"description\":\"Informaci\u00f3n sobre Farmacos y Medicamentos\",\"potentialAction\":[{\"@type\":\"SearchAction\",\"target\":{\"@type\":\"EntryPoint\",\"urlTemplate\":\"https:\/\/farmanuario.com\/tendencias\/?s={search_term_string}\"},\"query-input\":{\"@type\":\"PropertyValueSpecification\",\"valueRequired\":true,\"valueName\":\"search_term_string\"}}],\"inLanguage\":\"es\"}]}<\/script>\n<!-- \/ Yoast SEO plugin. -->","yoast_head_json":{"title":"Farmanuario Edici\u00f3n 2025El Libro de los MedicamentosGu\u00eda farmacol\u00f3gica y terap\u00e9utica - Farmanuario","robots":{"index":"index","follow":"follow","max-snippet":"max-snippet:-1","max-image-preview":"max-image-preview:large","max-video-preview":"max-video-preview:-1"},"canonical":"https:\/\/farmanuario.com\/tendencias\/producto\/farmanuario-ultima-edicion\/","og_locale":"es_ES","og_type":"article","og_title":"Farmanuario Edici\u00f3n 2025El Libro de los MedicamentosGu\u00eda farmacol\u00f3gica y terap\u00e9utica - Farmanuario","og_description":"Precios para compra dentro del pa\u00eds de or\u00edgen. Para compras desde el extranjero se agregar\u00e1 el costo de env\u00edo internacional se\u00f1alado","og_url":"https:\/\/farmanuario.com\/tendencias\/producto\/farmanuario-ultima-edicion\/","og_site_name":"Farmanuario","article_modified_time":"2025-07-13T21:39:43+00:00","og_image":[{"width":800,"height":800,"url":"https:\/\/farmanuario.com\/tendencias\/wp-content\/uploads\/2020\/10\/farmanuario-uy-800x800-4.png","type":"image\/png"}],"twitter_card":"summary_large_image","twitter_misc":{"Tiempo de lectura":"2 minutos"},"schema":{"@context":"https:\/\/schema.org","@graph":[{"@type":"WebPage","@id":"https:\/\/farmanuario.com\/tendencias\/producto\/farmanuario-ultima-edicion\/","url":"https:\/\/farmanuario.com\/tendencias\/producto\/farmanuario-ultima-edicion\/","name":"Farmanuario Edici\u00f3n 2025 El Libro de los MedicamentosGu\u00eda farmacol\u00f3gica y terap\u00e9utica - Farmanuario","isPartOf":{"@id":"https:\/\/farmanuario.com\/tendencias\/#website"},"primaryImageOfPage":{"@id":"https:\/\/farmanuario.com\/tendencias\/producto\/farmanuario-ultima-edicion\/#primaryimage"},"image":{"@id":"https:\/\/farmanuario.com\/tendencias\/producto\/farmanuario-ultima-edicion\/#primaryimage"},"thumbnailUrl":"https:\/\/farmanuario.com\/tendencias\/wp-content\/uploads\/2020\/10\/farmanuario-uy-800x800-4.png","datePublished":"2020-10-23T21:01:56+00:00","dateModified":"2025-07-13T21:39:43+00:00","breadcrumb":{"@id":"https:\/\/farmanuario.com\/tendencias\/producto\/farmanuario-ultima-edicion\/#breadcrumb"},"inLanguage":"es","potentialAction":[{"@type":"ReadAction","target":["https:\/\/farmanuario.com\/tendencias\/producto\/farmanuario-ultima-edicion\/"]}]},{"@type":"ImageObject","inLanguage":"es","@id":"https:\/\/farmanuario.com\/tendencias\/producto\/farmanuario-ultima-edicion\/#primaryimage","url":"https:\/\/farmanuario.com\/tendencias\/wp-content\/uploads\/2020\/10\/farmanuario-uy-800x800-4.png","contentUrl":"https:\/\/farmanuario.com\/tendencias\/wp-content\/uploads\/2020\/10\/farmanuario-uy-800x800-4.png","width":800,"height":800},{"@type":"BreadcrumbList","@id":"https:\/\/farmanuario.com\/tendencias\/producto\/farmanuario-ultima-edicion\/#breadcrumb","itemListElement":[{"@type":"ListItem","position":1,"name":"Portada","item":"https:\/\/farmanuario.com\/tendencias\/"},{"@type":"ListItem","position":2,"name":"Nuestros Productos","item":"https:\/\/farmanuario.com\/tendencias\/tienda-de-farmanuario-4\/"},{"@type":"ListItem","position":3,"name":"Farmanuario Edici\u00f3n 2025El Libro de los MedicamentosGu\u00eda farmacol\u00f3gica y terap\u00e9utica"}]},{"@type":"WebSite","@id":"https:\/\/farmanuario.com\/tendencias\/#website","url":"https:\/\/farmanuario.com\/tendencias\/","name":"Farmanuario","description":"Informaci\u00f3n sobre Farmacos y Medicamentos","potentialAction":[{"@type":"SearchAction","target":{"@type":"EntryPoint","urlTemplate":"https:\/\/farmanuario.com\/tendencias\/?s={search_term_string}"},"query-input":{"@type":"PropertyValueSpecification","valueRequired":true,"valueName":"search_term_string"}}],"inLanguage":"es"}]}},"_links":{"self":[{"href":"https:\/\/farmanuario.com\/tendencias\/wp-json\/wp\/v2\/product\/1714","targetHints":{"allow":["GET"]}}],"collection":[{"href":"https:\/\/farmanuario.com\/tendencias\/wp-json\/wp\/v2\/product"}],"about":[{"href":"https:\/\/farmanuario.com\/tendencias\/wp-json\/wp\/v2\/types\/product"}],"replies":[{"embeddable":true,"href":"https:\/\/farmanuario.com\/tendencias\/wp-json\/wp\/v2\/comments?post=1714"}],"wp:featuredmedia":[{"embeddable":true,"href":"https:\/\/farmanuario.com\/tendencias\/wp-json\/wp\/v2\/media\/56914"}],"wp:attachment":[{"href":"https:\/\/farmanuario.com\/tendencias\/wp-json\/wp\/v2\/media?parent=1714"}],"wp:term":[{"taxonomy":"product_brand","embeddable":true,"href":"https:\/\/farmanuario.com\/tendencias\/wp-json\/wp\/v2\/product_brand?post=1714"},{"taxonomy":"product_cat","embeddable":true,"href":"https:\/\/farmanuario.com\/tendencias\/wp-json\/wp\/v2\/product_cat?post=1714"},{"taxonomy":"product_tag","embeddable":true,"href":"https:\/\/farmanuario.com\/tendencias\/wp-json\/wp\/v2\/product_tag?post=1714"}],"curies":[{"name":"wp","href":"https:\/\/api.w.org\/{rel}","templated":true}]}}