{"id":54264,"date":"2023-03-27T15:35:07","date_gmt":"2023-03-27T15:35:07","guid":{"rendered":"https:\/\/farmanuario.com\/?page_id=54264"},"modified":"2026-01-08T18:50:27","modified_gmt":"2026-01-08T18:50:27","slug":"listado-de-articulos-por-especialidad-medica","status":"publish","type":"page","link":"https:\/\/farmanuario.com\/tendencias\/listado-de-articulos-por-especialidad-medica\/","title":{"rendered":"Art\u00edculos publicados por ESPECIALIDAD M\u00c9DICA"},"content":{"rendered":"<p>[vc_row][vc_column][vc_column_text]<\/p>\r\n<div style=\"font-weight: 600; font-family: 'Raleway','Trebuchet MS', Helvetica, sans-serif; color: #021997; font-size: 16px; padding-bottom: 15px;\">\r\n<ul style=\"font-family: 'Raleway','Trebuchet MS', Helvetica, sans-serif;\">\r\n<li>Los <span style=\"text-decoration: underline;\">suscriptores<\/span> de <strong>Tendencias <\/strong>y<strong> Farmanuario<\/strong> pueden solicitar art\u00edculos en formato PDF en forma gratuita. Los no suscriptores abonar\u00e1n $300 por cada art\u00edculo.<\/li>\r\n<li>Haga clic sobre el art\u00edculo de su elecci\u00f3n, complete el formulario con sus datos y ser\u00e1 contactado para coordinar el env\u00edo.<b style=\"color: #333333; font-family: Georgia, 'Times New Roman', 'Bitstream Charter', Times, serif;\"><\/b><\/li>\r\n<\/ul>\r\n<\/div>\r\n<p>[\/vc_column_text][\/vc_column][\/vc_row]<\/p><!-- \/wp:post-content -->","protected":false},"excerpt":{"rendered":"<p>[vc_row][vc_column][vc_column_text] Los suscriptores de Tendencias y Farmanuario pueden solicitar art\u00edculos en formato PDF en forma gratuita. Los no suscriptores abonar\u00e1n $300 por cada art\u00edculo. Haga clic sobre el art\u00edculo de su elecci\u00f3n, complete el formulario con sus datos y ser\u00e1 contactado para coordinar el env\u00edo. [\/vc_column_text][\/vc_column][\/vc_row]<\/p>\n","protected":false},"author":1,"featured_media":0,"parent":0,"menu_order":0,"comment_status":"closed","ping_status":"closed","template":"template-especialidades.php","meta":{"_acf_changed":false,"_monsterinsights_skip_tracking":false,"_monsterinsights_sitenote_active":false,"_monsterinsights_sitenote_note":"","_monsterinsights_sitenote_category":0,"footnotes":""},"class_list":["post-54264","page","type-page","status-publish","hentry"],"acf":[],"yoast_head":"<!-- This site is optimized with the Yoast SEO plugin v25.1 - https:\/\/yoast.com\/wordpress\/plugins\/seo\/ -->\n<title>Art\u00edculos publicados por ESPECIALIDAD M\u00c9DICA - Farmanuario<\/title>\n<meta name=\"robots\" content=\"index, follow, max-snippet:-1, max-image-preview:large, max-video-preview:-1\" \/>\n<link rel=\"canonical\" href=\"https:\/\/farmanuario.com\/tendencias\/listado-de-articulos-por-especialidad-medica\/\" \/>\n<meta property=\"og:locale\" content=\"es_ES\" \/>\n<meta property=\"og:type\" content=\"article\" \/>\n<meta property=\"og:title\" content=\"Art\u00edculos publicados por ESPECIALIDAD M\u00c9DICA - Farmanuario\" \/>\n<meta property=\"og:description\" content=\"[vc_row][vc_column][vc_column_text] Los suscriptores de Tendencias y Farmanuario pueden solicitar art\u00edculos en formato PDF en forma gratuita. Los no suscriptores abonar\u00e1n $300 por cada art\u00edculo. Haga clic sobre el art\u00edculo de su elecci\u00f3n, complete el formulario con sus datos y ser\u00e1 contactado para coordinar el env\u00edo. [\/vc_column_text][\/vc_column][\/vc_row]\" \/>\n<meta property=\"og:url\" content=\"https:\/\/farmanuario.com\/tendencias\/listado-de-articulos-por-especialidad-medica\/\" \/>\n<meta property=\"og:site_name\" content=\"Farmanuario\" \/>\n<meta property=\"article:modified_time\" content=\"2026-01-08T18:50:27+00:00\" \/>\n<meta name=\"twitter:card\" content=\"summary_large_image\" \/>\n<meta name=\"twitter:label1\" content=\"Tiempo de lectura\" \/>\n\t<meta name=\"twitter:data1\" content=\"1 minuto\" \/>\n<script type=\"application\/ld+json\" class=\"yoast-schema-graph\">{\"@context\":\"https:\/\/schema.org\",\"@graph\":[{\"@type\":\"WebPage\",\"@id\":\"https:\/\/farmanuario.com\/tendencias\/listado-de-articulos-por-especialidad-medica\/\",\"url\":\"https:\/\/farmanuario.com\/tendencias\/listado-de-articulos-por-especialidad-medica\/\",\"name\":\"Art\u00edculos publicados por ESPECIALIDAD M\u00c9DICA - Farmanuario\",\"isPartOf\":{\"@id\":\"https:\/\/farmanuario.com\/tendencias\/#website\"},\"datePublished\":\"2023-03-27T15:35:07+00:00\",\"dateModified\":\"2026-01-08T18:50:27+00:00\",\"breadcrumb\":{\"@id\":\"https:\/\/farmanuario.com\/tendencias\/listado-de-articulos-por-especialidad-medica\/#breadcrumb\"},\"inLanguage\":\"es\",\"potentialAction\":[{\"@type\":\"ReadAction\",\"target\":[\"https:\/\/farmanuario.com\/tendencias\/listado-de-articulos-por-especialidad-medica\/\"]}]},{\"@type\":\"BreadcrumbList\",\"@id\":\"https:\/\/farmanuario.com\/tendencias\/listado-de-articulos-por-especialidad-medica\/#breadcrumb\",\"itemListElement\":[{\"@type\":\"ListItem\",\"position\":1,\"name\":\"Portada\",\"item\":\"https:\/\/farmanuario.com\/tendencias\/\"},{\"@type\":\"ListItem\",\"position\":2,\"name\":\"Art\u00edculos publicados por ESPECIALIDAD M\u00c9DICA\"}]},{\"@type\":\"WebSite\",\"@id\":\"https:\/\/farmanuario.com\/tendencias\/#website\",\"url\":\"https:\/\/farmanuario.com\/tendencias\/\",\"name\":\"Farmanuario\",\"description\":\"Informaci\u00f3n sobre Farmacos y Medicamentos\",\"potentialAction\":[{\"@type\":\"SearchAction\",\"target\":{\"@type\":\"EntryPoint\",\"urlTemplate\":\"https:\/\/farmanuario.com\/tendencias\/?s={search_term_string}\"},\"query-input\":{\"@type\":\"PropertyValueSpecification\",\"valueRequired\":true,\"valueName\":\"search_term_string\"}}],\"inLanguage\":\"es\"}]}<\/script>\n<!-- \/ Yoast SEO plugin. -->","yoast_head_json":{"title":"Art\u00edculos publicados por ESPECIALIDAD M\u00c9DICA - Farmanuario","robots":{"index":"index","follow":"follow","max-snippet":"max-snippet:-1","max-image-preview":"max-image-preview:large","max-video-preview":"max-video-preview:-1"},"canonical":"https:\/\/farmanuario.com\/tendencias\/listado-de-articulos-por-especialidad-medica\/","og_locale":"es_ES","og_type":"article","og_title":"Art\u00edculos publicados por ESPECIALIDAD M\u00c9DICA - Farmanuario","og_description":"[vc_row][vc_column][vc_column_text] Los suscriptores de Tendencias y Farmanuario pueden solicitar art\u00edculos en formato PDF en forma gratuita. Los no suscriptores abonar\u00e1n $300 por cada art\u00edculo. Haga clic sobre el art\u00edculo de su elecci\u00f3n, complete el formulario con sus datos y ser\u00e1 contactado para coordinar el env\u00edo. [\/vc_column_text][\/vc_column][\/vc_row]","og_url":"https:\/\/farmanuario.com\/tendencias\/listado-de-articulos-por-especialidad-medica\/","og_site_name":"Farmanuario","article_modified_time":"2026-01-08T18:50:27+00:00","twitter_card":"summary_large_image","twitter_misc":{"Tiempo de lectura":"1 minuto"},"schema":{"@context":"https:\/\/schema.org","@graph":[{"@type":"WebPage","@id":"https:\/\/farmanuario.com\/tendencias\/listado-de-articulos-por-especialidad-medica\/","url":"https:\/\/farmanuario.com\/tendencias\/listado-de-articulos-por-especialidad-medica\/","name":"Art\u00edculos publicados por ESPECIALIDAD M\u00c9DICA - Farmanuario","isPartOf":{"@id":"https:\/\/farmanuario.com\/tendencias\/#website"},"datePublished":"2023-03-27T15:35:07+00:00","dateModified":"2026-01-08T18:50:27+00:00","breadcrumb":{"@id":"https:\/\/farmanuario.com\/tendencias\/listado-de-articulos-por-especialidad-medica\/#breadcrumb"},"inLanguage":"es","potentialAction":[{"@type":"ReadAction","target":["https:\/\/farmanuario.com\/tendencias\/listado-de-articulos-por-especialidad-medica\/"]}]},{"@type":"BreadcrumbList","@id":"https:\/\/farmanuario.com\/tendencias\/listado-de-articulos-por-especialidad-medica\/#breadcrumb","itemListElement":[{"@type":"ListItem","position":1,"name":"Portada","item":"https:\/\/farmanuario.com\/tendencias\/"},{"@type":"ListItem","position":2,"name":"Art\u00edculos publicados por ESPECIALIDAD M\u00c9DICA"}]},{"@type":"WebSite","@id":"https:\/\/farmanuario.com\/tendencias\/#website","url":"https:\/\/farmanuario.com\/tendencias\/","name":"Farmanuario","description":"Informaci\u00f3n sobre Farmacos y Medicamentos","potentialAction":[{"@type":"SearchAction","target":{"@type":"EntryPoint","urlTemplate":"https:\/\/farmanuario.com\/tendencias\/?s={search_term_string}"},"query-input":{"@type":"PropertyValueSpecification","valueRequired":true,"valueName":"search_term_string"}}],"inLanguage":"es"}]}},"_links":{"self":[{"href":"https:\/\/farmanuario.com\/tendencias\/wp-json\/wp\/v2\/pages\/54264","targetHints":{"allow":["GET"]}}],"collection":[{"href":"https:\/\/farmanuario.com\/tendencias\/wp-json\/wp\/v2\/pages"}],"about":[{"href":"https:\/\/farmanuario.com\/tendencias\/wp-json\/wp\/v2\/types\/page"}],"author":[{"embeddable":true,"href":"https:\/\/farmanuario.com\/tendencias\/wp-json\/wp\/v2\/users\/1"}],"replies":[{"embeddable":true,"href":"https:\/\/farmanuario.com\/tendencias\/wp-json\/wp\/v2\/comments?post=54264"}],"version-history":[{"count":4,"href":"https:\/\/farmanuario.com\/tendencias\/wp-json\/wp\/v2\/pages\/54264\/revisions"}],"predecessor-version":[{"id":57413,"href":"https:\/\/farmanuario.com\/tendencias\/wp-json\/wp\/v2\/pages\/54264\/revisions\/57413"}],"wp:attachment":[{"href":"https:\/\/farmanuario.com\/tendencias\/wp-json\/wp\/v2\/media?parent=54264"}],"curies":[{"name":"wp","href":"https:\/\/api.w.org\/{rel}","templated":true}]}}