{"id":2386,"date":"2014-07-21T07:08:03","date_gmt":"2014-07-21T07:08:03","guid":{"rendered":"http:\/\/farmanuario.com\/about-us\/?lang=arg"},"modified":"2025-07-21T14:38:57","modified_gmt":"2025-07-21T14:38:57","slug":"quienes-somos","status":"publish","type":"page","link":"https:\/\/farmanuario.com\/tendencias\/quienes-somos\/?lang=arg","title":{"rendered":"Sobre nosotros"},"content":{"rendered":"<p>[vc_row][vc_column][vc_tta_tabs][vc_tta_section title=\u00bb<\/p>\n<h2>Sobre Nosotros<\/h2>\n<p>\u00bb tab_id=\u00bb1487255541496-41ff25ac-18b5&#8243;][vc_row_inner][vc_column_inner width=\u00bb1\/3&#8243;][vc_column_text]<\/p>\n<h3>Nuestra Misi\u00f3n<\/h3>\n<ul>\n<li>Somos una empresa al servicio de la comunicaci\u00f3n cient\u00edfica entre los profesionales de la salud, las farmacias y la industria farmac\u00e9utica.<br \/>\nBrindamos informaci\u00f3n t\u00e9cnica, sistematizada, actualizada y objetiva sobre medicamentos y salud.<\/li>\n<li>Lo hacemos en forma \u00e9tica, independiente y comprometida con nuestros clientes.<\/li>\n<li>Pasi\u00f3n por nuestro trabajo.<\/li>\n<\/ul>\n<p>[\/vc_column_text][\/vc_column_inner][vc_column_inner width=\u00bb1\/3&#8243;][vc_column_text]<\/p>\n<h3>Nuestros Valores<\/h3>\n<ul>\n<li>Profesionalismo<\/li>\n<li>Responsabilidad<\/li>\n<li>Objetividad en la informaci\u00f3n<\/li>\n<li>Innovaci\u00f3n y Creatividad<\/li>\n<li>Compromiso con nuestros clientes<\/li>\n<li>Motivaci\u00f3n ante los desaf\u00edos<\/li>\n<\/ul>\n<p>[\/vc_column_text][\/vc_column_inner][vc_column_inner width=\u00bb1\/3&#8243;][vc_column_text]<\/p>\n<h3>Nuestra Visi\u00f3n<\/h3>\n<ul>\n<li>Ser reconocidos como una fuente de informaci\u00f3n sobre medicamentos y salud de alta calidad.<\/li>\n<li>Extender el servicio y liderazgo de Farmanuario a la comunidad m\u00e9dica y farmace\u00fatica internacional.<\/li>\n<\/ul>\n<p>[\/vc_column_text][\/vc_column_inner][\/vc_row_inner][vc_separator][vc_column_text]<span style=\"color: #ff0000\"><strong>FARMANUARIO<\/strong>\u00a0<\/span>es una empresa\u00a0<i>al servicio de la comunicaci\u00f3n cient\u00edfica entre los profesionales de la salud, las farmacias y la industria farmac\u00e9utica<\/i>, que brinda un servicio especializado de informaci\u00f3n t\u00e9cnica sobre medicamentos y salud.<\/p>\n<p>En el a\u00f1o 1988 un equipo de m\u00e1s de 20 m\u00e9dicos cl\u00ednicos, farmac\u00f3logos y qu\u00edmicos crearon el libro Farmanuario en Uruguay, con el objetivo de satisfacer una necesidad latente de informaci\u00f3n t\u00e9cnica sistem\u00e1tica y objetiva sobre el cambiante mundo del medicamento.\u00a0<span style=\"color: #ff0000\"><strong>FARMANUARIO<\/strong><strong>\u00a0<\/strong><\/span>permite al profesional acceder a informaci\u00f3n siempre actualizada tanto de los f\u00e1rmacos tradicionales como sobre los nuevos medicamentos recientemente incorporados.<\/p>\n<p>A lo largo de sus casi 30 a\u00f1os de trayectoria,\u00a0<span style=\"color: #ff0000\"><strong>FARMANUARIO\u00a0<\/strong><\/span>se ha constituido en un referente de informaci\u00f3n calificada e independiente sobre medicamentos. La obra, organizada con una clasificaci\u00f3n terap\u00e9utica propia de orientaci\u00f3n cl\u00ednica, contempla los criterios del profesional de la salud, con un sentido eminentemente pr\u00e1ctico.<\/p>\n<p>Actualmente, adem\u00e1s del cl\u00e1sico libro, la empresa produce\u00a0<i>programas inform\u00e1ticos, aplicaciones para smartphones y bases de datos<\/i>\u00a0de medicamentos para m\u00e9dicos, farmac\u00e9uticos e instituciones de salud.<\/p>\n<p>A trav\u00e9s de sus distintos medios gr\u00e1ficos e inform\u00e1ticos,\u00a0<span style=\"color: #ff0000\"><strong>FARMANUARIO\u00a0<\/strong><\/span>brinda un respaldo pr\u00e1ctico y \u00fatil a la hora de prescribir o dispensar un medicamento, cubriendo la brecha de informaci\u00f3n entre la formaci\u00f3n acad\u00e9mica y el manejo pr\u00e1ctico de los f\u00e1rmacos.<\/p>\n<h3 class=\"x_MsoNormal\"><b><span style=\"color: #000000\">FARMANUARIO <\/span>Internacional<\/b><\/h3>\n<p>Por su practicidad y originalidad, la obra obtuvo un gran reconocimiento y aceptaci\u00f3n por parte del cuerpo m\u00e9dico y farmac\u00e9utico, public\u00e1ndose de forma ininterrumpida desde 1989\u00a0en Uruguay.<\/p>\n<p>A partir del \u00e9xito obtenido inicialmente en Uruguay, la empresa desarroll\u00f3 tambi\u00e9n exitosamente publicaciones y software adaptados a los medicamentos disponibles en Paraguay y en Argentina. En el a\u00f1o 1998 comienza a operar en Paraguay, publicando en el a\u00f1o 2000 la primera edici\u00f3n paraguaya de\u00a0<span style=\"color: #ff0000\"><strong>FARMANUARIO<\/strong><\/span>.\u00a0En el a\u00f1o 2003 la empresa ingresa en Argentina, edit\u00e1ndose la primera edici\u00f3n de\u00a0<span style=\"color: #ff0000\"><strong>FARMANUARIO\u00a0<\/strong><\/span>en dicho pa\u00eds\u00a0en mayo de 2005.<\/p>\n<h3><b>FARMANUARIO: objetividad, confiabilidad y mejora continua<\/b><\/h3>\n<p><span style=\"color: #ff0000\"><strong>FARMANUARIO\u00a0<\/strong><\/span>responde con excelencia a la necesidad de los m\u00e9dicos y profesionales de la salud de contar con fuentes objetivas y pr\u00e1cticas de actualizaci\u00f3n respecto a uno de los recursos fundamentales de su pr\u00e1ctica profesional: los medicamentos.<\/p>\n<p>Los contenidos que se publican en nuestro libro y en los medios inform\u00e1ticos son\u00a0<b><i>objetivos, sistem\u00e1ticos y permanentemente actualizados<\/i><\/b>\u00a0por un staff cient\u00edfico integrado por un Comit\u00e9 Internacional de cl\u00ednicos y farmac\u00f3logos independientes.<\/p>\n<p>Con una reconocida trayectoria de 30 a\u00f1os de trabajo,\u00a0permanecemos en el camino de la mejora continua del servicio brindado a los profesionales de la salud.<\/p>\n<p>Perseguimos hoy el mismo objetivo que paut\u00f3 nuestro nacimiento: \u201c<i>Aportar a la comunidad m\u00e9dica y farmac\u00e9utica, informaci\u00f3n objetiva y pr\u00e1ctica elaborada por m\u00e9dicos para apoyar la labor del profesional<\/i>\u201d.[\/vc_column_text][vc_separator][\/vc_tta_section][\/vc_tta_tabs][\/vc_column][\/vc_row]<\/p>\n","protected":false},"excerpt":{"rendered":"<p>[vc_row][vc_column][vc_tta_tabs][vc_tta_section title=\u00bb Sobre Nosotros \u00bb tab_id=\u00bb1487255541496-41ff25ac-18b5&#8243;][vc_row_inner][vc_column_inner width=\u00bb1\/3&#8243;][vc_column_text] Nuestra Misi\u00f3n Somos una empresa al servicio de la comunicaci\u00f3n cient\u00edfica entre los profesionales de la salud, las farmacias y la industria farmac\u00e9utica. Brindamos informaci\u00f3n t\u00e9cnica, sistematizada, actualizada y objetiva sobre medicamentos y salud. Lo hacemos en forma \u00e9tica, independiente y comprometida con nuestros clientes. Pasi\u00f3n por nuestro [&hellip;]<\/p>\n","protected":false},"author":1,"featured_media":0,"parent":0,"menu_order":8,"comment_status":"closed","ping_status":"open","template":"template-about-us-farmanuario.php","meta":{"_acf_changed":false,"_monsterinsights_skip_tracking":false,"_monsterinsights_sitenote_active":false,"_monsterinsights_sitenote_note":"","_monsterinsights_sitenote_category":0,"footnotes":""},"class_list":["post-2386","page","type-page","status-publish","hentry"],"acf":[],"yoast_head":"<!-- This site is optimized with the Yoast SEO plugin v25.1 - https:\/\/yoast.com\/wordpress\/plugins\/seo\/ -->\n<title>Sobre nosotros - Farmanuario<\/title>\n<meta name=\"robots\" content=\"index, follow, max-snippet:-1, max-image-preview:large, max-video-preview:-1\" \/>\n<link rel=\"canonical\" href=\"https:\/\/farmanuario.com\/tendencias\/quienes-somos\/?lang=arg\" \/>\n<meta property=\"og:locale\" content=\"es_ES\" \/>\n<meta property=\"og:type\" content=\"article\" \/>\n<meta property=\"og:title\" content=\"Sobre nosotros - Farmanuario\" \/>\n<meta property=\"og:description\" content=\"[vc_row][vc_column][vc_tta_tabs][vc_tta_section title=\u00bb Sobre Nosotros \u00bb tab_id=\u00bb1487255541496-41ff25ac-18b5&#8243;][vc_row_inner][vc_column_inner width=\u00bb1\/3&#8243;][vc_column_text] Nuestra Misi\u00f3n Somos una empresa al servicio de la comunicaci\u00f3n cient\u00edfica entre los profesionales de la salud, las farmacias y la industria farmac\u00e9utica. Brindamos informaci\u00f3n t\u00e9cnica, sistematizada, actualizada y objetiva sobre medicamentos y salud. Lo hacemos en forma \u00e9tica, independiente y comprometida con nuestros clientes. Pasi\u00f3n por nuestro [&hellip;]\" \/>\n<meta property=\"og:url\" content=\"https:\/\/farmanuario.com\/tendencias\/quienes-somos\/?lang=arg\" \/>\n<meta property=\"og:site_name\" content=\"Farmanuario\" \/>\n<meta property=\"article:modified_time\" content=\"2025-07-21T14:38:57+00:00\" \/>\n<meta name=\"twitter:card\" content=\"summary_large_image\" \/>\n<meta name=\"twitter:label1\" content=\"Tiempo de lectura\" \/>\n\t<meta name=\"twitter:data1\" content=\"3 minutos\" \/>\n<script type=\"application\/ld+json\" class=\"yoast-schema-graph\">{\"@context\":\"https:\/\/schema.org\",\"@graph\":[{\"@type\":\"WebPage\",\"@id\":\"https:\/\/farmanuario.com\/tendencias\/quienes-somos\/?lang=arg\",\"url\":\"https:\/\/farmanuario.com\/tendencias\/quienes-somos\/?lang=arg\",\"name\":\"Sobre nosotros - Farmanuario\",\"isPartOf\":{\"@id\":\"https:\/\/farmanuario.com\/tendencias\/#website\"},\"datePublished\":\"2014-07-21T07:08:03+00:00\",\"dateModified\":\"2025-07-21T14:38:57+00:00\",\"breadcrumb\":{\"@id\":\"https:\/\/farmanuario.com\/tendencias\/quienes-somos\/?lang=arg#breadcrumb\"},\"inLanguage\":\"es\",\"potentialAction\":[{\"@type\":\"ReadAction\",\"target\":[\"https:\/\/farmanuario.com\/tendencias\/quienes-somos\/?lang=arg\"]}]},{\"@type\":\"BreadcrumbList\",\"@id\":\"https:\/\/farmanuario.com\/tendencias\/quienes-somos\/?lang=arg#breadcrumb\",\"itemListElement\":[{\"@type\":\"ListItem\",\"position\":1,\"name\":\"Portada\",\"item\":\"https:\/\/farmanuario.com\/tendencias\/\"},{\"@type\":\"ListItem\",\"position\":2,\"name\":\"Sobre nosotros\"}]},{\"@type\":\"WebSite\",\"@id\":\"https:\/\/farmanuario.com\/tendencias\/#website\",\"url\":\"https:\/\/farmanuario.com\/tendencias\/\",\"name\":\"Farmanuario\",\"description\":\"Informaci\u00f3n sobre Farmacos y Medicamentos\",\"potentialAction\":[{\"@type\":\"SearchAction\",\"target\":{\"@type\":\"EntryPoint\",\"urlTemplate\":\"https:\/\/farmanuario.com\/tendencias\/?s={search_term_string}\"},\"query-input\":{\"@type\":\"PropertyValueSpecification\",\"valueRequired\":true,\"valueName\":\"search_term_string\"}}],\"inLanguage\":\"es\"}]}<\/script>\n<!-- \/ Yoast SEO plugin. -->","yoast_head_json":{"title":"Sobre nosotros - Farmanuario","robots":{"index":"index","follow":"follow","max-snippet":"max-snippet:-1","max-image-preview":"max-image-preview:large","max-video-preview":"max-video-preview:-1"},"canonical":"https:\/\/farmanuario.com\/tendencias\/quienes-somos\/?lang=arg","og_locale":"es_ES","og_type":"article","og_title":"Sobre nosotros - Farmanuario","og_description":"[vc_row][vc_column][vc_tta_tabs][vc_tta_section title=\u00bb Sobre Nosotros \u00bb tab_id=\u00bb1487255541496-41ff25ac-18b5&#8243;][vc_row_inner][vc_column_inner width=\u00bb1\/3&#8243;][vc_column_text] Nuestra Misi\u00f3n Somos una empresa al servicio de la comunicaci\u00f3n cient\u00edfica entre los profesionales de la salud, las farmacias y la industria farmac\u00e9utica. Brindamos informaci\u00f3n t\u00e9cnica, sistematizada, actualizada y objetiva sobre medicamentos y salud. Lo hacemos en forma \u00e9tica, independiente y comprometida con nuestros clientes. Pasi\u00f3n por nuestro [&hellip;]","og_url":"https:\/\/farmanuario.com\/tendencias\/quienes-somos\/?lang=arg","og_site_name":"Farmanuario","article_modified_time":"2025-07-21T14:38:57+00:00","twitter_card":"summary_large_image","twitter_misc":{"Tiempo de lectura":"3 minutos"},"schema":{"@context":"https:\/\/schema.org","@graph":[{"@type":"WebPage","@id":"https:\/\/farmanuario.com\/tendencias\/quienes-somos\/?lang=arg","url":"https:\/\/farmanuario.com\/tendencias\/quienes-somos\/?lang=arg","name":"Sobre nosotros - Farmanuario","isPartOf":{"@id":"https:\/\/farmanuario.com\/tendencias\/#website"},"datePublished":"2014-07-21T07:08:03+00:00","dateModified":"2025-07-21T14:38:57+00:00","breadcrumb":{"@id":"https:\/\/farmanuario.com\/tendencias\/quienes-somos\/?lang=arg#breadcrumb"},"inLanguage":"es","potentialAction":[{"@type":"ReadAction","target":["https:\/\/farmanuario.com\/tendencias\/quienes-somos\/?lang=arg"]}]},{"@type":"BreadcrumbList","@id":"https:\/\/farmanuario.com\/tendencias\/quienes-somos\/?lang=arg#breadcrumb","itemListElement":[{"@type":"ListItem","position":1,"name":"Portada","item":"https:\/\/farmanuario.com\/tendencias\/"},{"@type":"ListItem","position":2,"name":"Sobre nosotros"}]},{"@type":"WebSite","@id":"https:\/\/farmanuario.com\/tendencias\/#website","url":"https:\/\/farmanuario.com\/tendencias\/","name":"Farmanuario","description":"Informaci\u00f3n sobre Farmacos y Medicamentos","potentialAction":[{"@type":"SearchAction","target":{"@type":"EntryPoint","urlTemplate":"https:\/\/farmanuario.com\/tendencias\/?s={search_term_string}"},"query-input":{"@type":"PropertyValueSpecification","valueRequired":true,"valueName":"search_term_string"}}],"inLanguage":"es"}]}},"_links":{"self":[{"href":"https:\/\/farmanuario.com\/tendencias\/wp-json\/wp\/v2\/pages\/2386","targetHints":{"allow":["GET"]}}],"collection":[{"href":"https:\/\/farmanuario.com\/tendencias\/wp-json\/wp\/v2\/pages"}],"about":[{"href":"https:\/\/farmanuario.com\/tendencias\/wp-json\/wp\/v2\/types\/page"}],"author":[{"embeddable":true,"href":"https:\/\/farmanuario.com\/tendencias\/wp-json\/wp\/v2\/users\/1"}],"replies":[{"embeddable":true,"href":"https:\/\/farmanuario.com\/tendencias\/wp-json\/wp\/v2\/comments?post=2386"}],"version-history":[{"count":21,"href":"https:\/\/farmanuario.com\/tendencias\/wp-json\/wp\/v2\/pages\/2386\/revisions"}],"predecessor-version":[{"id":57058,"href":"https:\/\/farmanuario.com\/tendencias\/wp-json\/wp\/v2\/pages\/2386\/revisions\/57058"}],"wp:attachment":[{"href":"https:\/\/farmanuario.com\/tendencias\/wp-json\/wp\/v2\/media?parent=2386"}],"curies":[{"name":"wp","href":"https:\/\/api.w.org\/{rel}","templated":true}]}}